{"id":1098,"date":"2026-04-25T08:49:27","date_gmt":"2026-04-25T06:49:27","guid":{"rendered":"https:\/\/www.scs-93.fr\/?post_type=product&#038;p=1098"},"modified":"2026-05-12T13:07:04","modified_gmt":"2026-05-12T11:07:04","slug":"formation-continue-pse1-pse2-dimanche-14-juin-2026","status":"publish","type":"product","link":"https:\/\/www.scs-93.fr\/index.php\/produit\/formation-continue-pse1-pse2-dimanche-14-juin-2026\/","title":{"rendered":"Formation Continue PSE1 \/ PSE2 : dimanche 14 Juin 2026"},"content":{"rendered":"<p><strong>Formation qui s\u2019adresse \u00e0 tous les titulaires d\u2019un PSE1 ou PSE2<\/strong><\/p>\n<p><em>Objectif : cette formation dont le contenu annuel est conforme aux recommandations de la DGSCGC, vous permettra de mettre \u00e0 jour vos connaissances et de garder le b\u00e9n\u00e9fice de votre dipl\u00f4me.<\/em><\/p>\n<p>Information importante : vous devez avoir effectu\u00e9 votre FC en 2025 ou votre Formation Initiale entre le 1er Janvier 2025 et le 31 d\u00e9cembre 2025 pour pouvoir vous inscrire \u00e0 cette formation.<\/p>\n<p>Dans le cas contraire, contactez &#8211; nous \u00e0 <em>contact@scs-93.fr ou scs.formations@gmail.com<\/em><\/p>\n<p>Dur\u00e9e : 6h minimum de face \u00e0 face p\u00e9dagogique<\/p>\n<p>18 stagiaires maximum.<\/p>\n","protected":false},"excerpt":{"rendered":"<p>Formation Continue PSE1 &#8211; PSE2 : Dimanche 14 Juin 2026<\/p>\n<p>&nbsp;<\/p>\n","protected":false},"featured_media":1058,"template":"","meta":[],"product_brand":[],"product_cat":[24,27,30,35,38],"product_tag":[],"class_list":{"0":"post-1098","1":"product","2":"type-product","3":"status-publish","4":"has-post-thumbnail","6":"product_cat-devenir-secouriste-operationnel","7":"product_cat-formation-continue-annuelle","8":"product_cat-formation-professionnelle","9":"product_cat-maintien-des-acquis","10":"product_cat-non-classe","12":"entry","13":"has-media","15":"first","16":"instock","17":"downloadable","18":"shipping-taxable","19":"purchasable","20":"product-type-simple","21":"has-product-nav","22":"col","23":"span_1_of_3","24":"owp-content-center","25":"owp-thumbs-layout-horizontal","26":"owp-btn-normal","27":"owp-tabs-layout-horizontal"},"yoast_head":"<!-- This site is optimized with the Yoast SEO plugin v25.7 - https:\/\/yoast.com\/wordpress\/plugins\/seo\/ -->\n<title>Formation Continue PSE1 \/ PSE2 : dimanche 14 Juin 2026 - Sauveteurs Citoyens Secouristes 93<\/title>\n<meta name=\"robots\" content=\"index, follow, max-snippet:-1, max-image-preview:large, max-video-preview:-1\" \/>\n<link rel=\"canonical\" href=\"https:\/\/www.scs-93.fr\/index.php\/produit\/formation-continue-pse1-pse2-dimanche-14-juin-2026\/\" \/>\n<meta property=\"og:locale\" content=\"fr_FR\" \/>\n<meta property=\"og:type\" content=\"article\" \/>\n<meta property=\"og:title\" content=\"Formation Continue PSE1 \/ PSE2 : dimanche 14 Juin 2026 - Sauveteurs Citoyens Secouristes 93\" \/>\n<meta property=\"og:description\" content=\"Formation Continue PSE1 - PSE2 : Dimanche 14 Juin 2026  &nbsp;\" \/>\n<meta property=\"og:url\" content=\"https:\/\/www.scs-93.fr\/index.php\/produit\/formation-continue-pse1-pse2-dimanche-14-juin-2026\/\" \/>\n<meta property=\"og:site_name\" content=\"Sauveteurs Citoyens Secouristes 93\" \/>\n<meta property=\"article:modified_time\" content=\"2026-05-12T11:07:04+00:00\" \/>\n<meta property=\"og:image\" content=\"https:\/\/www.scs-93.fr\/wp-content\/uploads\/2026\/01\/FC-PSE-scs93-15-fevrier.jpg\" \/>\n\t<meta property=\"og:image:width\" content=\"1080\" \/>\n\t<meta property=\"og:image:height\" content=\"1080\" \/>\n\t<meta property=\"og:image:type\" content=\"image\/jpeg\" \/>\n<meta name=\"twitter:card\" content=\"summary_large_image\" \/>\n<meta name=\"twitter:label1\" content=\"Dur\u00e9e de lecture estim\u00e9e\" \/>\n\t<meta name=\"twitter:data1\" content=\"1 minute\" \/>\n<script type=\"application\/ld+json\" class=\"yoast-schema-graph\">{\"@context\":\"https:\/\/schema.org\",\"@graph\":[{\"@type\":\"WebPage\",\"@id\":\"https:\/\/www.scs-93.fr\/index.php\/produit\/formation-continue-pse1-pse2-dimanche-14-juin-2026\/\",\"url\":\"https:\/\/www.scs-93.fr\/index.php\/produit\/formation-continue-pse1-pse2-dimanche-14-juin-2026\/\",\"name\":\"Formation Continue PSE1 \/ PSE2 : dimanche 14 Juin 2026 - Sauveteurs Citoyens Secouristes 93\",\"isPartOf\":{\"@id\":\"https:\/\/www.scs-93.fr\/#website\"},\"primaryImageOfPage\":{\"@id\":\"https:\/\/www.scs-93.fr\/index.php\/produit\/formation-continue-pse1-pse2-dimanche-14-juin-2026\/#primaryimage\"},\"image\":{\"@id\":\"https:\/\/www.scs-93.fr\/index.php\/produit\/formation-continue-pse1-pse2-dimanche-14-juin-2026\/#primaryimage\"},\"thumbnailUrl\":\"https:\/\/www.scs-93.fr\/wp-content\/uploads\/2026\/01\/FC-PSE-scs93-15-fevrier.jpg\",\"datePublished\":\"2026-04-25T06:49:27+00:00\",\"dateModified\":\"2026-05-12T11:07:04+00:00\",\"breadcrumb\":{\"@id\":\"https:\/\/www.scs-93.fr\/index.php\/produit\/formation-continue-pse1-pse2-dimanche-14-juin-2026\/#breadcrumb\"},\"inLanguage\":\"fr-FR\",\"potentialAction\":[{\"@type\":\"ReadAction\",\"target\":[\"https:\/\/www.scs-93.fr\/index.php\/produit\/formation-continue-pse1-pse2-dimanche-14-juin-2026\/\"]}]},{\"@type\":\"ImageObject\",\"inLanguage\":\"fr-FR\",\"@id\":\"https:\/\/www.scs-93.fr\/index.php\/produit\/formation-continue-pse1-pse2-dimanche-14-juin-2026\/#primaryimage\",\"url\":\"https:\/\/www.scs-93.fr\/wp-content\/uploads\/2026\/01\/FC-PSE-scs93-15-fevrier.jpg\",\"contentUrl\":\"https:\/\/www.scs-93.fr\/wp-content\/uploads\/2026\/01\/FC-PSE-scs93-15-fevrier.jpg\",\"width\":1080,\"height\":1080},{\"@type\":\"BreadcrumbList\",\"@id\":\"https:\/\/www.scs-93.fr\/index.php\/produit\/formation-continue-pse1-pse2-dimanche-14-juin-2026\/#breadcrumb\",\"itemListElement\":[{\"@type\":\"ListItem\",\"position\":1,\"name\":\"Home\",\"item\":\"https:\/\/www.scs-93.fr\/\"},{\"@type\":\"ListItem\",\"position\":2,\"name\":\"Boutique\",\"item\":\"https:\/\/www.scs-93.fr\/index.php\/boutique\/\"},{\"@type\":\"ListItem\",\"position\":3,\"name\":\"Formation Continue PSE1 \/ PSE2 : dimanche 14 Juin 2026\"}]},{\"@type\":\"WebSite\",\"@id\":\"https:\/\/www.scs-93.fr\/#website\",\"url\":\"https:\/\/www.scs-93.fr\/\",\"name\":\"Sauveteurs Citoyens Secouristes 93\",\"description\":\" Unis pour sauver des vies\",\"publisher\":{\"@id\":\"https:\/\/www.scs-93.fr\/#organization\"},\"potentialAction\":[{\"@type\":\"SearchAction\",\"target\":{\"@type\":\"EntryPoint\",\"urlTemplate\":\"https:\/\/www.scs-93.fr\/?s={search_term_string}\"},\"query-input\":{\"@type\":\"PropertyValueSpecification\",\"valueRequired\":true,\"valueName\":\"search_term_string\"}}],\"inLanguage\":\"fr-FR\"},{\"@type\":\"Organization\",\"@id\":\"https:\/\/www.scs-93.fr\/#organization\",\"name\":\"Sauveteurs Citoyens Secouristes 93\",\"url\":\"https:\/\/www.scs-93.fr\/\",\"logo\":{\"@type\":\"ImageObject\",\"inLanguage\":\"fr-FR\",\"@id\":\"https:\/\/www.scs-93.fr\/#\/schema\/logo\/image\/\",\"url\":\"https:\/\/www.scs-93.fr\/wp-content\/uploads\/2025\/08\/FPMNS-V1.5-fond_rondajust-fullvector_500x500.png\",\"contentUrl\":\"https:\/\/www.scs-93.fr\/wp-content\/uploads\/2025\/08\/FPMNS-V1.5-fond_rondajust-fullvector_500x500.png\",\"width\":500,\"height\":500,\"caption\":\"Sauveteurs Citoyens Secouristes 93\"},\"image\":{\"@id\":\"https:\/\/www.scs-93.fr\/#\/schema\/logo\/image\/\"}}]}<\/script>\n<!-- \/ Yoast SEO plugin. -->","yoast_head_json":{"title":"Formation Continue PSE1 \/ PSE2 : dimanche 14 Juin 2026 - Sauveteurs Citoyens Secouristes 93","robots":{"index":"index","follow":"follow","max-snippet":"max-snippet:-1","max-image-preview":"max-image-preview:large","max-video-preview":"max-video-preview:-1"},"canonical":"https:\/\/www.scs-93.fr\/index.php\/produit\/formation-continue-pse1-pse2-dimanche-14-juin-2026\/","og_locale":"fr_FR","og_type":"article","og_title":"Formation Continue PSE1 \/ PSE2 : dimanche 14 Juin 2026 - Sauveteurs Citoyens Secouristes 93","og_description":"Formation Continue PSE1 - PSE2 : Dimanche 14 Juin 2026  &nbsp;","og_url":"https:\/\/www.scs-93.fr\/index.php\/produit\/formation-continue-pse1-pse2-dimanche-14-juin-2026\/","og_site_name":"Sauveteurs Citoyens Secouristes 93","article_modified_time":"2026-05-12T11:07:04+00:00","og_image":[{"width":1080,"height":1080,"url":"https:\/\/www.scs-93.fr\/wp-content\/uploads\/2026\/01\/FC-PSE-scs93-15-fevrier.jpg","type":"image\/jpeg"}],"twitter_card":"summary_large_image","twitter_misc":{"Dur\u00e9e de lecture estim\u00e9e":"1 minute"},"schema":{"@context":"https:\/\/schema.org","@graph":[{"@type":"WebPage","@id":"https:\/\/www.scs-93.fr\/index.php\/produit\/formation-continue-pse1-pse2-dimanche-14-juin-2026\/","url":"https:\/\/www.scs-93.fr\/index.php\/produit\/formation-continue-pse1-pse2-dimanche-14-juin-2026\/","name":"Formation Continue PSE1 \/ PSE2 : dimanche 14 Juin 2026 - Sauveteurs Citoyens Secouristes 93","isPartOf":{"@id":"https:\/\/www.scs-93.fr\/#website"},"primaryImageOfPage":{"@id":"https:\/\/www.scs-93.fr\/index.php\/produit\/formation-continue-pse1-pse2-dimanche-14-juin-2026\/#primaryimage"},"image":{"@id":"https:\/\/www.scs-93.fr\/index.php\/produit\/formation-continue-pse1-pse2-dimanche-14-juin-2026\/#primaryimage"},"thumbnailUrl":"https:\/\/www.scs-93.fr\/wp-content\/uploads\/2026\/01\/FC-PSE-scs93-15-fevrier.jpg","datePublished":"2026-04-25T06:49:27+00:00","dateModified":"2026-05-12T11:07:04+00:00","breadcrumb":{"@id":"https:\/\/www.scs-93.fr\/index.php\/produit\/formation-continue-pse1-pse2-dimanche-14-juin-2026\/#breadcrumb"},"inLanguage":"fr-FR","potentialAction":[{"@type":"ReadAction","target":["https:\/\/www.scs-93.fr\/index.php\/produit\/formation-continue-pse1-pse2-dimanche-14-juin-2026\/"]}]},{"@type":"ImageObject","inLanguage":"fr-FR","@id":"https:\/\/www.scs-93.fr\/index.php\/produit\/formation-continue-pse1-pse2-dimanche-14-juin-2026\/#primaryimage","url":"https:\/\/www.scs-93.fr\/wp-content\/uploads\/2026\/01\/FC-PSE-scs93-15-fevrier.jpg","contentUrl":"https:\/\/www.scs-93.fr\/wp-content\/uploads\/2026\/01\/FC-PSE-scs93-15-fevrier.jpg","width":1080,"height":1080},{"@type":"BreadcrumbList","@id":"https:\/\/www.scs-93.fr\/index.php\/produit\/formation-continue-pse1-pse2-dimanche-14-juin-2026\/#breadcrumb","itemListElement":[{"@type":"ListItem","position":1,"name":"Home","item":"https:\/\/www.scs-93.fr\/"},{"@type":"ListItem","position":2,"name":"Boutique","item":"https:\/\/www.scs-93.fr\/index.php\/boutique\/"},{"@type":"ListItem","position":3,"name":"Formation Continue PSE1 \/ PSE2 : dimanche 14 Juin 2026"}]},{"@type":"WebSite","@id":"https:\/\/www.scs-93.fr\/#website","url":"https:\/\/www.scs-93.fr\/","name":"Sauveteurs Citoyens Secouristes 93","description":" Unis pour sauver des vies","publisher":{"@id":"https:\/\/www.scs-93.fr\/#organization"},"potentialAction":[{"@type":"SearchAction","target":{"@type":"EntryPoint","urlTemplate":"https:\/\/www.scs-93.fr\/?s={search_term_string}"},"query-input":{"@type":"PropertyValueSpecification","valueRequired":true,"valueName":"search_term_string"}}],"inLanguage":"fr-FR"},{"@type":"Organization","@id":"https:\/\/www.scs-93.fr\/#organization","name":"Sauveteurs Citoyens Secouristes 93","url":"https:\/\/www.scs-93.fr\/","logo":{"@type":"ImageObject","inLanguage":"fr-FR","@id":"https:\/\/www.scs-93.fr\/#\/schema\/logo\/image\/","url":"https:\/\/www.scs-93.fr\/wp-content\/uploads\/2025\/08\/FPMNS-V1.5-fond_rondajust-fullvector_500x500.png","contentUrl":"https:\/\/www.scs-93.fr\/wp-content\/uploads\/2025\/08\/FPMNS-V1.5-fond_rondajust-fullvector_500x500.png","width":500,"height":500,"caption":"Sauveteurs Citoyens Secouristes 93"},"image":{"@id":"https:\/\/www.scs-93.fr\/#\/schema\/logo\/image\/"}}]}},"_links":{"self":[{"href":"https:\/\/www.scs-93.fr\/index.php\/wp-json\/wp\/v2\/product\/1098","targetHints":{"allow":["GET"]}}],"collection":[{"href":"https:\/\/www.scs-93.fr\/index.php\/wp-json\/wp\/v2\/product"}],"about":[{"href":"https:\/\/www.scs-93.fr\/index.php\/wp-json\/wp\/v2\/types\/product"}],"wp:featuredmedia":[{"embeddable":true,"href":"https:\/\/www.scs-93.fr\/index.php\/wp-json\/wp\/v2\/media\/1058"}],"wp:attachment":[{"href":"https:\/\/www.scs-93.fr\/index.php\/wp-json\/wp\/v2\/media?parent=1098"}],"wp:term":[{"taxonomy":"product_brand","embeddable":true,"href":"https:\/\/www.scs-93.fr\/index.php\/wp-json\/wp\/v2\/product_brand?post=1098"},{"taxonomy":"product_cat","embeddable":true,"href":"https:\/\/www.scs-93.fr\/index.php\/wp-json\/wp\/v2\/product_cat?post=1098"},{"taxonomy":"product_tag","embeddable":true,"href":"https:\/\/www.scs-93.fr\/index.php\/wp-json\/wp\/v2\/product_tag?post=1098"}],"curies":[{"name":"wp","href":"https:\/\/api.w.org\/{rel}","templated":true}]}}