{"id":1063,"date":"2026-01-10T19:15:41","date_gmt":"2026-01-10T18:15:41","guid":{"rendered":"https:\/\/www.scs-93.fr\/?post_type=product&#038;p=1063"},"modified":"2026-04-06T23:07:43","modified_gmt":"2026-04-06T21:07:43","slug":"formation-pse2-du-27-au-30-avril-2026","status":"publish","type":"product","link":"https:\/\/www.scs-93.fr\/index.php\/produit\/formation-pse2-du-27-au-30-avril-2026\/","title":{"rendered":"Formation PSE2 du 27 au 30 avril 2026"},"content":{"rendered":"<p><strong>Cette formation s\u2019adresse \u00e0 des secouristes de plus de 16 ans et titulaire du PSE1 \u00e0 jour de formation continue.<\/strong><\/p>\n<p><em>Objectif : acqu\u00e9rir les comp\u00e9tences d\u2019\u00e9quipier secouriste op\u00e9rationnel de s\u00e9curit\u00e9 civile.<\/em><\/p>\n<p>Contenu :<\/p>\n<ul>\n<li>R\u00f4les et missions de l\u2019\u00e9quipier secouriste,<\/li>\n<li>Protection et s\u00e9curit\u00e9,<\/li>\n<li>Bilans,<\/li>\n<li>Affections sp\u00e9cifiques,<\/li>\n<li>Malaises \/ Maladies,<\/li>\n<li>Atteintes circonstancielles,<\/li>\n<li>Traumatismes bassin \/ dos,<\/li>\n<li>Traumatismes cr\u00e2ne \/ face,<\/li>\n<li>Traumatismes dos\/ cou\/ thorax,<\/li>\n<li>Relevages,<\/li>\n<li>Immobilisations,<\/li>\n<li>Brancardages,<\/li>\n<li>Situations nombreuses victimes,<\/li>\n<li>Souffrances psychiques.<\/li>\n<\/ul>\n<p>&nbsp;<\/p>\n<p>Pour valider le PSE2 : \u00eatre pr\u00e9sent et participer activement \u00e0 toutes les phases de la formation, valider l&rsquo;ensemble des gestes techniques et proc\u00e9dures, valider les comp\u00e9tences en nombres suffisants sur les mises en situation.<\/p>\n<p>&nbsp;<\/p>\n<p>Dur\u00e9e : 28h minimum de face \u00e0 face p\u00e9dagogique.<\/p>\n<p>&nbsp;<\/p>\n<p>18 stagiaires maximum \/ sans un minimum de 6 stagiaires la formation n\u2019aura pas lieu.<\/p>\n<h5>Encadrement :<\/h5>\n<ul>\n<li>\n<h5>de 6 \u00e0 12 stagiaires =&gt; 2 formateurs PS<\/h5>\n<\/li>\n<li>\n<h5>de 13 \u00e0 18 stagiaires =&gt; 3 formateurs PS<\/h5>\n<\/li>\n<\/ul>\n","protected":false},"excerpt":{"rendered":"<p>Cette formation s\u2019adresse \u00e0 des secouristes de plus de 16 ans et titulaire du PSE1 \u00e0 jour de formation continue. Objectif : acqu\u00e9rir les comp\u00e9tences d\u2019\u00e9quipier secouriste op\u00e9rationnel de s\u00e9curit\u00e9 civile. Contenu : R\u00f4les et missions de l\u2019\u00e9quipier secouriste, Protection et s\u00e9curit\u00e9, Bilans, Affections sp\u00e9cifiques, Malaises \/ Maladies, Atteintes circonstancielles, Traumatismes bassin \/ dos, Traumatismes [&hellip;]<\/p>\n","protected":false},"featured_media":1064,"template":"","meta":[],"product_brand":[],"product_cat":[24,30,38],"product_tag":[],"class_list":{"0":"post-1063","1":"product","2":"type-product","3":"status-publish","4":"has-post-thumbnail","6":"product_cat-devenir-secouriste-operationnel","7":"product_cat-formation-professionnelle","8":"product_cat-non-classe","10":"entry","11":"has-media","13":"first","14":"instock","15":"shipping-taxable","16":"purchasable","17":"product-type-simple","18":"has-product-nav","19":"col","20":"span_1_of_3","21":"owp-content-center","22":"owp-thumbs-layout-horizontal","23":"owp-btn-normal","24":"owp-tabs-layout-horizontal","25":"has-no-thumbnails"},"yoast_head":"<!-- This site is optimized with the Yoast SEO plugin v25.7 - https:\/\/yoast.com\/wordpress\/plugins\/seo\/ -->\n<title>Formation PSE2 du 27 au 30 avril 2026 - Sauveteurs Citoyens Secouristes 93<\/title>\n<meta name=\"robots\" content=\"index, follow, max-snippet:-1, max-image-preview:large, max-video-preview:-1\" \/>\n<link rel=\"canonical\" href=\"https:\/\/www.scs-93.fr\/index.php\/produit\/formation-pse2-du-27-au-30-avril-2026\/\" \/>\n<meta property=\"og:locale\" content=\"fr_FR\" \/>\n<meta property=\"og:type\" content=\"article\" \/>\n<meta property=\"og:title\" content=\"Formation PSE2 du 27 au 30 avril 2026 - Sauveteurs Citoyens Secouristes 93\" \/>\n<meta property=\"og:description\" content=\"Cette formation s\u2019adresse \u00e0 des secouristes de plus de 16 ans et titulaire du PSE1 \u00e0 jour de formation continue. Objectif : acqu\u00e9rir les comp\u00e9tences d\u2019\u00e9quipier secouriste op\u00e9rationnel de s\u00e9curit\u00e9 civile. Contenu : R\u00f4les et missions de l\u2019\u00e9quipier secouriste, Protection et s\u00e9curit\u00e9, Bilans, Affections sp\u00e9cifiques, Malaises \/ Maladies, Atteintes circonstancielles, Traumatismes bassin \/ dos, Traumatismes [&hellip;]\" \/>\n<meta property=\"og:url\" content=\"https:\/\/www.scs-93.fr\/index.php\/produit\/formation-pse2-du-27-au-30-avril-2026\/\" \/>\n<meta property=\"og:site_name\" content=\"Sauveteurs Citoyens Secouristes 93\" \/>\n<meta property=\"article:modified_time\" content=\"2026-04-06T21:07:43+00:00\" \/>\n<meta property=\"og:image\" content=\"https:\/\/www.scs-93.fr\/wp-content\/uploads\/2026\/01\/PSE2-avril-scs93.jpg\" \/>\n\t<meta property=\"og:image:width\" content=\"1080\" \/>\n\t<meta property=\"og:image:height\" content=\"1080\" \/>\n\t<meta property=\"og:image:type\" content=\"image\/jpeg\" \/>\n<meta name=\"twitter:card\" content=\"summary_large_image\" \/>\n<meta name=\"twitter:label1\" content=\"Dur\u00e9e de lecture estim\u00e9e\" \/>\n\t<meta name=\"twitter:data1\" content=\"1 minute\" \/>\n<script type=\"application\/ld+json\" class=\"yoast-schema-graph\">{\"@context\":\"https:\/\/schema.org\",\"@graph\":[{\"@type\":\"WebPage\",\"@id\":\"https:\/\/www.scs-93.fr\/index.php\/produit\/formation-pse2-du-27-au-30-avril-2026\/\",\"url\":\"https:\/\/www.scs-93.fr\/index.php\/produit\/formation-pse2-du-27-au-30-avril-2026\/\",\"name\":\"Formation PSE2 du 27 au 30 avril 2026 - Sauveteurs Citoyens Secouristes 93\",\"isPartOf\":{\"@id\":\"https:\/\/www.scs-93.fr\/#website\"},\"primaryImageOfPage\":{\"@id\":\"https:\/\/www.scs-93.fr\/index.php\/produit\/formation-pse2-du-27-au-30-avril-2026\/#primaryimage\"},\"image\":{\"@id\":\"https:\/\/www.scs-93.fr\/index.php\/produit\/formation-pse2-du-27-au-30-avril-2026\/#primaryimage\"},\"thumbnailUrl\":\"https:\/\/www.scs-93.fr\/wp-content\/uploads\/2026\/01\/PSE2-avril-scs93.jpg\",\"datePublished\":\"2026-01-10T18:15:41+00:00\",\"dateModified\":\"2026-04-06T21:07:43+00:00\",\"breadcrumb\":{\"@id\":\"https:\/\/www.scs-93.fr\/index.php\/produit\/formation-pse2-du-27-au-30-avril-2026\/#breadcrumb\"},\"inLanguage\":\"fr-FR\",\"potentialAction\":[{\"@type\":\"ReadAction\",\"target\":[\"https:\/\/www.scs-93.fr\/index.php\/produit\/formation-pse2-du-27-au-30-avril-2026\/\"]}]},{\"@type\":\"ImageObject\",\"inLanguage\":\"fr-FR\",\"@id\":\"https:\/\/www.scs-93.fr\/index.php\/produit\/formation-pse2-du-27-au-30-avril-2026\/#primaryimage\",\"url\":\"https:\/\/www.scs-93.fr\/wp-content\/uploads\/2026\/01\/PSE2-avril-scs93.jpg\",\"contentUrl\":\"https:\/\/www.scs-93.fr\/wp-content\/uploads\/2026\/01\/PSE2-avril-scs93.jpg\",\"width\":1080,\"height\":1080},{\"@type\":\"BreadcrumbList\",\"@id\":\"https:\/\/www.scs-93.fr\/index.php\/produit\/formation-pse2-du-27-au-30-avril-2026\/#breadcrumb\",\"itemListElement\":[{\"@type\":\"ListItem\",\"position\":1,\"name\":\"Home\",\"item\":\"https:\/\/www.scs-93.fr\/\"},{\"@type\":\"ListItem\",\"position\":2,\"name\":\"Boutique\",\"item\":\"https:\/\/www.scs-93.fr\/index.php\/boutique\/\"},{\"@type\":\"ListItem\",\"position\":3,\"name\":\"Formation PSE2 du 27 au 30 avril 2026\"}]},{\"@type\":\"WebSite\",\"@id\":\"https:\/\/www.scs-93.fr\/#website\",\"url\":\"https:\/\/www.scs-93.fr\/\",\"name\":\"Sauveteurs Citoyens Secouristes 93\",\"description\":\" Unis pour sauver des vies\",\"publisher\":{\"@id\":\"https:\/\/www.scs-93.fr\/#organization\"},\"potentialAction\":[{\"@type\":\"SearchAction\",\"target\":{\"@type\":\"EntryPoint\",\"urlTemplate\":\"https:\/\/www.scs-93.fr\/?s={search_term_string}\"},\"query-input\":{\"@type\":\"PropertyValueSpecification\",\"valueRequired\":true,\"valueName\":\"search_term_string\"}}],\"inLanguage\":\"fr-FR\"},{\"@type\":\"Organization\",\"@id\":\"https:\/\/www.scs-93.fr\/#organization\",\"name\":\"Sauveteurs Citoyens Secouristes 93\",\"url\":\"https:\/\/www.scs-93.fr\/\",\"logo\":{\"@type\":\"ImageObject\",\"inLanguage\":\"fr-FR\",\"@id\":\"https:\/\/www.scs-93.fr\/#\/schema\/logo\/image\/\",\"url\":\"https:\/\/www.scs-93.fr\/wp-content\/uploads\/2025\/08\/FPMNS-V1.5-fond_rondajust-fullvector_500x500.png\",\"contentUrl\":\"https:\/\/www.scs-93.fr\/wp-content\/uploads\/2025\/08\/FPMNS-V1.5-fond_rondajust-fullvector_500x500.png\",\"width\":500,\"height\":500,\"caption\":\"Sauveteurs Citoyens Secouristes 93\"},\"image\":{\"@id\":\"https:\/\/www.scs-93.fr\/#\/schema\/logo\/image\/\"}}]}<\/script>\n<!-- \/ Yoast SEO plugin. -->","yoast_head_json":{"title":"Formation PSE2 du 27 au 30 avril 2026 - Sauveteurs Citoyens Secouristes 93","robots":{"index":"index","follow":"follow","max-snippet":"max-snippet:-1","max-image-preview":"max-image-preview:large","max-video-preview":"max-video-preview:-1"},"canonical":"https:\/\/www.scs-93.fr\/index.php\/produit\/formation-pse2-du-27-au-30-avril-2026\/","og_locale":"fr_FR","og_type":"article","og_title":"Formation PSE2 du 27 au 30 avril 2026 - Sauveteurs Citoyens Secouristes 93","og_description":"Cette formation s\u2019adresse \u00e0 des secouristes de plus de 16 ans et titulaire du PSE1 \u00e0 jour de formation continue. Objectif : acqu\u00e9rir les comp\u00e9tences d\u2019\u00e9quipier secouriste op\u00e9rationnel de s\u00e9curit\u00e9 civile. Contenu : R\u00f4les et missions de l\u2019\u00e9quipier secouriste, Protection et s\u00e9curit\u00e9, Bilans, Affections sp\u00e9cifiques, Malaises \/ Maladies, Atteintes circonstancielles, Traumatismes bassin \/ dos, Traumatismes [&hellip;]","og_url":"https:\/\/www.scs-93.fr\/index.php\/produit\/formation-pse2-du-27-au-30-avril-2026\/","og_site_name":"Sauveteurs Citoyens Secouristes 93","article_modified_time":"2026-04-06T21:07:43+00:00","og_image":[{"width":1080,"height":1080,"url":"https:\/\/www.scs-93.fr\/wp-content\/uploads\/2026\/01\/PSE2-avril-scs93.jpg","type":"image\/jpeg"}],"twitter_card":"summary_large_image","twitter_misc":{"Dur\u00e9e de lecture estim\u00e9e":"1 minute"},"schema":{"@context":"https:\/\/schema.org","@graph":[{"@type":"WebPage","@id":"https:\/\/www.scs-93.fr\/index.php\/produit\/formation-pse2-du-27-au-30-avril-2026\/","url":"https:\/\/www.scs-93.fr\/index.php\/produit\/formation-pse2-du-27-au-30-avril-2026\/","name":"Formation PSE2 du 27 au 30 avril 2026 - Sauveteurs Citoyens Secouristes 93","isPartOf":{"@id":"https:\/\/www.scs-93.fr\/#website"},"primaryImageOfPage":{"@id":"https:\/\/www.scs-93.fr\/index.php\/produit\/formation-pse2-du-27-au-30-avril-2026\/#primaryimage"},"image":{"@id":"https:\/\/www.scs-93.fr\/index.php\/produit\/formation-pse2-du-27-au-30-avril-2026\/#primaryimage"},"thumbnailUrl":"https:\/\/www.scs-93.fr\/wp-content\/uploads\/2026\/01\/PSE2-avril-scs93.jpg","datePublished":"2026-01-10T18:15:41+00:00","dateModified":"2026-04-06T21:07:43+00:00","breadcrumb":{"@id":"https:\/\/www.scs-93.fr\/index.php\/produit\/formation-pse2-du-27-au-30-avril-2026\/#breadcrumb"},"inLanguage":"fr-FR","potentialAction":[{"@type":"ReadAction","target":["https:\/\/www.scs-93.fr\/index.php\/produit\/formation-pse2-du-27-au-30-avril-2026\/"]}]},{"@type":"ImageObject","inLanguage":"fr-FR","@id":"https:\/\/www.scs-93.fr\/index.php\/produit\/formation-pse2-du-27-au-30-avril-2026\/#primaryimage","url":"https:\/\/www.scs-93.fr\/wp-content\/uploads\/2026\/01\/PSE2-avril-scs93.jpg","contentUrl":"https:\/\/www.scs-93.fr\/wp-content\/uploads\/2026\/01\/PSE2-avril-scs93.jpg","width":1080,"height":1080},{"@type":"BreadcrumbList","@id":"https:\/\/www.scs-93.fr\/index.php\/produit\/formation-pse2-du-27-au-30-avril-2026\/#breadcrumb","itemListElement":[{"@type":"ListItem","position":1,"name":"Home","item":"https:\/\/www.scs-93.fr\/"},{"@type":"ListItem","position":2,"name":"Boutique","item":"https:\/\/www.scs-93.fr\/index.php\/boutique\/"},{"@type":"ListItem","position":3,"name":"Formation PSE2 du 27 au 30 avril 2026"}]},{"@type":"WebSite","@id":"https:\/\/www.scs-93.fr\/#website","url":"https:\/\/www.scs-93.fr\/","name":"Sauveteurs Citoyens Secouristes 93","description":" Unis pour sauver des vies","publisher":{"@id":"https:\/\/www.scs-93.fr\/#organization"},"potentialAction":[{"@type":"SearchAction","target":{"@type":"EntryPoint","urlTemplate":"https:\/\/www.scs-93.fr\/?s={search_term_string}"},"query-input":{"@type":"PropertyValueSpecification","valueRequired":true,"valueName":"search_term_string"}}],"inLanguage":"fr-FR"},{"@type":"Organization","@id":"https:\/\/www.scs-93.fr\/#organization","name":"Sauveteurs Citoyens Secouristes 93","url":"https:\/\/www.scs-93.fr\/","logo":{"@type":"ImageObject","inLanguage":"fr-FR","@id":"https:\/\/www.scs-93.fr\/#\/schema\/logo\/image\/","url":"https:\/\/www.scs-93.fr\/wp-content\/uploads\/2025\/08\/FPMNS-V1.5-fond_rondajust-fullvector_500x500.png","contentUrl":"https:\/\/www.scs-93.fr\/wp-content\/uploads\/2025\/08\/FPMNS-V1.5-fond_rondajust-fullvector_500x500.png","width":500,"height":500,"caption":"Sauveteurs Citoyens Secouristes 93"},"image":{"@id":"https:\/\/www.scs-93.fr\/#\/schema\/logo\/image\/"}}]}},"_links":{"self":[{"href":"https:\/\/www.scs-93.fr\/index.php\/wp-json\/wp\/v2\/product\/1063","targetHints":{"allow":["GET"]}}],"collection":[{"href":"https:\/\/www.scs-93.fr\/index.php\/wp-json\/wp\/v2\/product"}],"about":[{"href":"https:\/\/www.scs-93.fr\/index.php\/wp-json\/wp\/v2\/types\/product"}],"wp:featuredmedia":[{"embeddable":true,"href":"https:\/\/www.scs-93.fr\/index.php\/wp-json\/wp\/v2\/media\/1064"}],"wp:attachment":[{"href":"https:\/\/www.scs-93.fr\/index.php\/wp-json\/wp\/v2\/media?parent=1063"}],"wp:term":[{"taxonomy":"product_brand","embeddable":true,"href":"https:\/\/www.scs-93.fr\/index.php\/wp-json\/wp\/v2\/product_brand?post=1063"},{"taxonomy":"product_cat","embeddable":true,"href":"https:\/\/www.scs-93.fr\/index.php\/wp-json\/wp\/v2\/product_cat?post=1063"},{"taxonomy":"product_tag","embeddable":true,"href":"https:\/\/www.scs-93.fr\/index.php\/wp-json\/wp\/v2\/product_tag?post=1063"}],"curies":[{"name":"wp","href":"https:\/\/api.w.org\/{rel}","templated":true}]}}