{"id":771,"date":"2024-04-15T19:28:06","date_gmt":"2024-04-15T19:28:06","guid":{"rendered":"https:\/\/cvnsslf93.com\/?page_id=31"},"modified":"2025-08-20T17:13:06","modified_gmt":"2025-08-20T15:13:06","slug":"equipe-de-formations","status":"publish","type":"page","link":"https:\/\/www.scs-93.fr\/index.php\/equipe-de-formations\/","title":{"rendered":"Equipe de formations"},"content":{"rendered":"\n<p class=\"has-text-align-center\">L&rsquo;\u00e9quipe de formation des Sauveteurs Citoyens Secouristes se compose de :<\/p>\n\n\n\n<ul class=\"wp-block-list\">\n<li>6 formateurs de formateurs<\/li>\n\n\n\n<li>20 formateurs.<\/li>\n<\/ul>\n\n\n\n<p class=\"has-text-align-center\">Tous les formateurs r\u00e9pondent aux m\u00eames exigences et interviennent sur l&rsquo;ensemble des formations propos\u00e9es par la structure SCS93.<\/p>\n\n\n\n<p class=\"has-text-align-center\">Rigueur et bienveillance sont les mots d&rsquo;ordres d&rsquo;une \u00e9quipe qui utilise une p\u00e9dagogie active, impliquant les participants dans de nombreuses mises en situation afin de permettre \u00e0 chacun de progresser \u00e0 son rythme et d&rsquo;atteindre les objectifs fix\u00e9s par des grilles d&rsquo;\u00e9valuation exigeantes.<\/p>\n\n\n\n<div class=\"wp-block-group\"><div class=\"wp-block-group__inner-container is-layout-constrained wp-block-group-is-layout-constrained\">\n<div class=\"wp-block-columns is-layout-flex wp-container-core-columns-is-layout-9d6595d7 wp-block-columns-is-layout-flex\">\n<div class=\"wp-block-column is-layout-flow wp-block-column-is-layout-flow\" style=\"flex-basis:100%\"><div class=\"aligncenter is-style-default wp-block-site-logo\"><a href=\"https:\/\/www.scs-93.fr\/\" class=\"custom-logo-link\" rel=\"home\"><img loading=\"lazy\" decoding=\"async\" width=\"65\" height=\"65\" src=\"https:\/\/www.scs-93.fr\/wp-content\/uploads\/2025\/12\/cropped-cropped-SCS-vecto.png\" class=\"custom-logo\" alt=\"Sauveteurs Citoyens Secouristes 93\" srcset=\"https:\/\/www.scs-93.fr\/wp-content\/uploads\/2025\/12\/cropped-cropped-SCS-vecto.png 511w, https:\/\/www.scs-93.fr\/wp-content\/uploads\/2025\/12\/cropped-cropped-SCS-vecto-300x300.png 300w, https:\/\/www.scs-93.fr\/wp-content\/uploads\/2025\/12\/cropped-cropped-SCS-vecto-150x150.png 150w, https:\/\/www.scs-93.fr\/wp-content\/uploads\/2025\/12\/cropped-cropped-SCS-vecto-100x100.png 100w\" sizes=\"auto, (max-width: 65px) 100vw, 65px\" \/><\/a><\/div><\/div>\n<\/div>\n<\/div><\/div>\n","protected":false},"excerpt":{"rendered":"<p>L&rsquo;\u00e9quipe de formation des Sauveteurs Citoyens Secouristes se compose de : Tous les formateurs r\u00e9pondent aux m\u00eames exigences et interviennent sur l&rsquo;ensemble des formations propos\u00e9es par la structure SCS93. Rigueur et bienveillance sont les mots d&rsquo;ordres d&rsquo;une \u00e9quipe qui utilise une p\u00e9dagogie active, impliquant les participants dans de nombreuses mises en situation afin de permettre [&hellip;]<\/p>\n","protected":false},"author":2,"featured_media":0,"parent":0,"menu_order":0,"comment_status":"closed","ping_status":"closed","template":"","meta":{"footnotes":""},"class_list":["post-771","page","type-page","status-publish","hentry","entry","owp-thumbs-layout-horizontal","owp-btn-normal","owp-tabs-layout-horizontal","has-no-thumbnails","has-product-nav"],"yoast_head":"<!-- This site is optimized with the Yoast SEO plugin v25.7 - https:\/\/yoast.com\/wordpress\/plugins\/seo\/ -->\n<title>Equipe de formations - Sauveteurs Citoyens Secouristes 93<\/title>\n<meta name=\"robots\" content=\"index, follow, max-snippet:-1, max-image-preview:large, max-video-preview:-1\" \/>\n<link rel=\"canonical\" href=\"https:\/\/www.scs-93.fr\/index.php\/equipe-de-formations\/\" \/>\n<meta property=\"og:locale\" content=\"fr_FR\" \/>\n<meta property=\"og:type\" content=\"article\" \/>\n<meta property=\"og:title\" content=\"Equipe de formations - Sauveteurs Citoyens Secouristes 93\" \/>\n<meta property=\"og:description\" content=\"L&rsquo;\u00e9quipe de formation des Sauveteurs Citoyens Secouristes se compose de : Tous les formateurs r\u00e9pondent aux m\u00eames exigences et interviennent sur l&rsquo;ensemble des formations propos\u00e9es par la structure SCS93. Rigueur et bienveillance sont les mots d&rsquo;ordres d&rsquo;une \u00e9quipe qui utilise une p\u00e9dagogie active, impliquant les participants dans de nombreuses mises en situation afin de permettre [&hellip;]\" \/>\n<meta property=\"og:url\" content=\"https:\/\/www.scs-93.fr\/index.php\/equipe-de-formations\/\" \/>\n<meta property=\"og:site_name\" content=\"Sauveteurs Citoyens Secouristes 93\" \/>\n<meta property=\"article:modified_time\" content=\"2025-08-20T15:13:06+00:00\" \/>\n<meta name=\"twitter:card\" content=\"summary_large_image\" \/>\n<meta name=\"twitter:label1\" content=\"Dur\u00e9e de lecture estim\u00e9e\" \/>\n\t<meta name=\"twitter:data1\" content=\"1 minute\" \/>\n<script type=\"application\/ld+json\" class=\"yoast-schema-graph\">{\"@context\":\"https:\/\/schema.org\",\"@graph\":[{\"@type\":\"WebPage\",\"@id\":\"https:\/\/www.scs-93.fr\/index.php\/equipe-de-formations\/\",\"url\":\"https:\/\/www.scs-93.fr\/index.php\/equipe-de-formations\/\",\"name\":\"Equipe de formations - Sauveteurs Citoyens Secouristes 93\",\"isPartOf\":{\"@id\":\"https:\/\/www.scs-93.fr\/#website\"},\"datePublished\":\"2024-04-15T19:28:06+00:00\",\"dateModified\":\"2025-08-20T15:13:06+00:00\",\"breadcrumb\":{\"@id\":\"https:\/\/www.scs-93.fr\/index.php\/equipe-de-formations\/#breadcrumb\"},\"inLanguage\":\"fr-FR\",\"potentialAction\":[{\"@type\":\"ReadAction\",\"target\":[\"https:\/\/www.scs-93.fr\/index.php\/equipe-de-formations\/\"]}]},{\"@type\":\"BreadcrumbList\",\"@id\":\"https:\/\/www.scs-93.fr\/index.php\/equipe-de-formations\/#breadcrumb\",\"itemListElement\":[{\"@type\":\"ListItem\",\"position\":1,\"name\":\"Home\",\"item\":\"https:\/\/www.scs-93.fr\/\"},{\"@type\":\"ListItem\",\"position\":2,\"name\":\"Equipe de formations\"}]},{\"@type\":\"WebSite\",\"@id\":\"https:\/\/www.scs-93.fr\/#website\",\"url\":\"https:\/\/www.scs-93.fr\/\",\"name\":\"Sauveteurs Citoyens Secouristes 93\",\"description\":\" Unis pour sauver des vies\",\"publisher\":{\"@id\":\"https:\/\/www.scs-93.fr\/#organization\"},\"potentialAction\":[{\"@type\":\"SearchAction\",\"target\":{\"@type\":\"EntryPoint\",\"urlTemplate\":\"https:\/\/www.scs-93.fr\/?s={search_term_string}\"},\"query-input\":{\"@type\":\"PropertyValueSpecification\",\"valueRequired\":true,\"valueName\":\"search_term_string\"}}],\"inLanguage\":\"fr-FR\"},{\"@type\":\"Organization\",\"@id\":\"https:\/\/www.scs-93.fr\/#organization\",\"name\":\"Sauveteurs Citoyens Secouristes 93\",\"url\":\"https:\/\/www.scs-93.fr\/\",\"logo\":{\"@type\":\"ImageObject\",\"inLanguage\":\"fr-FR\",\"@id\":\"https:\/\/www.scs-93.fr\/#\/schema\/logo\/image\/\",\"url\":\"https:\/\/www.scs-93.fr\/wp-content\/uploads\/2025\/08\/FPMNS-V1.5-fond_rondajust-fullvector_500x500.png\",\"contentUrl\":\"https:\/\/www.scs-93.fr\/wp-content\/uploads\/2025\/08\/FPMNS-V1.5-fond_rondajust-fullvector_500x500.png\",\"width\":500,\"height\":500,\"caption\":\"Sauveteurs Citoyens Secouristes 93\"},\"image\":{\"@id\":\"https:\/\/www.scs-93.fr\/#\/schema\/logo\/image\/\"}}]}<\/script>\n<!-- \/ Yoast SEO plugin. -->","yoast_head_json":{"title":"Equipe de formations - Sauveteurs Citoyens Secouristes 93","robots":{"index":"index","follow":"follow","max-snippet":"max-snippet:-1","max-image-preview":"max-image-preview:large","max-video-preview":"max-video-preview:-1"},"canonical":"https:\/\/www.scs-93.fr\/index.php\/equipe-de-formations\/","og_locale":"fr_FR","og_type":"article","og_title":"Equipe de formations - Sauveteurs Citoyens Secouristes 93","og_description":"L&rsquo;\u00e9quipe de formation des Sauveteurs Citoyens Secouristes se compose de : Tous les formateurs r\u00e9pondent aux m\u00eames exigences et interviennent sur l&rsquo;ensemble des formations propos\u00e9es par la structure SCS93. Rigueur et bienveillance sont les mots d&rsquo;ordres d&rsquo;une \u00e9quipe qui utilise une p\u00e9dagogie active, impliquant les participants dans de nombreuses mises en situation afin de permettre [&hellip;]","og_url":"https:\/\/www.scs-93.fr\/index.php\/equipe-de-formations\/","og_site_name":"Sauveteurs Citoyens Secouristes 93","article_modified_time":"2025-08-20T15:13:06+00:00","twitter_card":"summary_large_image","twitter_misc":{"Dur\u00e9e de lecture estim\u00e9e":"1 minute"},"schema":{"@context":"https:\/\/schema.org","@graph":[{"@type":"WebPage","@id":"https:\/\/www.scs-93.fr\/index.php\/equipe-de-formations\/","url":"https:\/\/www.scs-93.fr\/index.php\/equipe-de-formations\/","name":"Equipe de formations - Sauveteurs Citoyens Secouristes 93","isPartOf":{"@id":"https:\/\/www.scs-93.fr\/#website"},"datePublished":"2024-04-15T19:28:06+00:00","dateModified":"2025-08-20T15:13:06+00:00","breadcrumb":{"@id":"https:\/\/www.scs-93.fr\/index.php\/equipe-de-formations\/#breadcrumb"},"inLanguage":"fr-FR","potentialAction":[{"@type":"ReadAction","target":["https:\/\/www.scs-93.fr\/index.php\/equipe-de-formations\/"]}]},{"@type":"BreadcrumbList","@id":"https:\/\/www.scs-93.fr\/index.php\/equipe-de-formations\/#breadcrumb","itemListElement":[{"@type":"ListItem","position":1,"name":"Home","item":"https:\/\/www.scs-93.fr\/"},{"@type":"ListItem","position":2,"name":"Equipe de formations"}]},{"@type":"WebSite","@id":"https:\/\/www.scs-93.fr\/#website","url":"https:\/\/www.scs-93.fr\/","name":"Sauveteurs Citoyens Secouristes 93","description":" Unis pour sauver des vies","publisher":{"@id":"https:\/\/www.scs-93.fr\/#organization"},"potentialAction":[{"@type":"SearchAction","target":{"@type":"EntryPoint","urlTemplate":"https:\/\/www.scs-93.fr\/?s={search_term_string}"},"query-input":{"@type":"PropertyValueSpecification","valueRequired":true,"valueName":"search_term_string"}}],"inLanguage":"fr-FR"},{"@type":"Organization","@id":"https:\/\/www.scs-93.fr\/#organization","name":"Sauveteurs Citoyens Secouristes 93","url":"https:\/\/www.scs-93.fr\/","logo":{"@type":"ImageObject","inLanguage":"fr-FR","@id":"https:\/\/www.scs-93.fr\/#\/schema\/logo\/image\/","url":"https:\/\/www.scs-93.fr\/wp-content\/uploads\/2025\/08\/FPMNS-V1.5-fond_rondajust-fullvector_500x500.png","contentUrl":"https:\/\/www.scs-93.fr\/wp-content\/uploads\/2025\/08\/FPMNS-V1.5-fond_rondajust-fullvector_500x500.png","width":500,"height":500,"caption":"Sauveteurs Citoyens Secouristes 93"},"image":{"@id":"https:\/\/www.scs-93.fr\/#\/schema\/logo\/image\/"}}]}},"_links":{"self":[{"href":"https:\/\/www.scs-93.fr\/index.php\/wp-json\/wp\/v2\/pages\/771","targetHints":{"allow":["GET"]}}],"collection":[{"href":"https:\/\/www.scs-93.fr\/index.php\/wp-json\/wp\/v2\/pages"}],"about":[{"href":"https:\/\/www.scs-93.fr\/index.php\/wp-json\/wp\/v2\/types\/page"}],"author":[{"embeddable":true,"href":"https:\/\/www.scs-93.fr\/index.php\/wp-json\/wp\/v2\/users\/2"}],"replies":[{"embeddable":true,"href":"https:\/\/www.scs-93.fr\/index.php\/wp-json\/wp\/v2\/comments?post=771"}],"version-history":[{"count":2,"href":"https:\/\/www.scs-93.fr\/index.php\/wp-json\/wp\/v2\/pages\/771\/revisions"}],"predecessor-version":[{"id":855,"href":"https:\/\/www.scs-93.fr\/index.php\/wp-json\/wp\/v2\/pages\/771\/revisions\/855"}],"wp:attachment":[{"href":"https:\/\/www.scs-93.fr\/index.php\/wp-json\/wp\/v2\/media?parent=771"}],"curies":[{"name":"wp","href":"https:\/\/api.w.org\/{rel}","templated":true}]}}