{"id":770,"date":"2024-04-15T19:23:08","date_gmt":"2024-04-15T19:23:08","guid":{"rendered":"https:\/\/cvnsslf93.com\/?page_id=27"},"modified":"2025-08-20T17:12:23","modified_gmt":"2025-08-20T15:12:23","slug":"contact","status":"publish","type":"page","link":"https:\/\/www.scs-93.fr\/index.php\/contact\/","title":{"rendered":"Contact"},"content":{"rendered":"\n<p>Afin d&rsquo;obtenir une r\u00e9ponse rapide et la plus adapt\u00e9e \u00e0 vos besoins, nous vous remercions de remplir ce formulaire le plus pr\u00e9cis\u00e9ment possible : type de formation souhait\u00e9e, certificat de comp\u00e9tences d\u00e9j\u00e0 d\u00e9tenu. <\/p>\n\n\n<div class=\"frm_forms  with_frm_style frm_style_style-formidable\" id=\"frm_form_1_container\" >\n<form enctype=\"multipart\/form-data\" method=\"post\" class=\"frm-show-form \" id=\"form_contact-form\" >\n<div class=\"frm_form_fields \">\n<fieldset>\n<legend class=\"frm_screen_reader\">Contactez nous <\/legend>\r\n\r\n<div class=\"frm_fields_container\">\n<input type=\"hidden\" name=\"frm_action\" value=\"create\" \/>\n<input type=\"hidden\" name=\"form_id\" value=\"1\" \/>\n<input type=\"hidden\" name=\"frm_hide_fields_1\" id=\"frm_hide_fields_1\" value=\"\" \/>\n<input type=\"hidden\" name=\"form_key\" value=\"contact-form\" \/>\n<input type=\"hidden\" name=\"item_meta[0]\" value=\"\" \/>\n<input type=\"hidden\" id=\"frm_submit_entry_1\" name=\"frm_submit_entry_1\" value=\"cd6a0e4f15\" \/><input type=\"hidden\" name=\"_wp_http_referer\" value=\"\/index.php\/wp-json\/wp\/v2\/pages\/770\" \/><div id=\"frm_field_1_container\" class=\"frm_form_field form-field  frm_required_field frm_top_container frm_half\">\r\n\t<label for=\"field_qh4icy\" id=\"field_qh4icy_label\" class=\"frm_primary_label\">Pr\u00e9nom\r\n\t\t<span class=\"frm_required\" aria-hidden=\"true\">*<\/span>\r\n\t<\/label>\r\n\t<input type=\"text\" id=\"field_qh4icy\" name=\"item_meta[1]\" value=\"\"  data-reqmsg=\"Pr\u00e9nom ne peut pas \u00eatre vide.\" aria-required=\"true\" data-invmsg=\"Pr\u00e9nom est non valide\" aria-invalid=\"false\"  \/>\r\n\t\r\n\t\r\n<\/div>\n<div id=\"frm_field_2_container\" class=\"frm_form_field form-field  frm_required_field frm_top_container frm_half\">\r\n\t<label for=\"field_ocfup1\" id=\"field_ocfup1_label\" class=\"frm_primary_label\">Nom de naissance\r\n\t\t<span class=\"frm_required\" aria-hidden=\"true\">*<\/span>\r\n\t<\/label>\r\n\t<input type=\"text\" id=\"field_ocfup1\" name=\"item_meta[2]\" value=\"\"  data-reqmsg=\"Nom de naissance ne peut pas \u00eatre vide.\" aria-required=\"true\" data-invmsg=\"Nom de naissance est non valide\" aria-invalid=\"false\"  \/>\r\n\t\r\n\t\r\n<\/div>\n<div id=\"frm_field_7_container\" class=\"frm_form_field form-field  frm_required_field frm_top_container\">\r\n\t<label for=\"field_hesbb\" id=\"field_hesbb_label\" class=\"frm_primary_label\">T\u00e9l\u00e9phone\r\n\t\t<span class=\"frm_required\" aria-hidden=\"true\">*<\/span>\r\n\t<\/label>\r\n\t<input type=\"tel\" id=\"field_hesbb\" name=\"item_meta[7]\" value=\"\"  data-reqmsg=\"T\u00e9l\u00e9phone ne peut pas \u00eatre vide.\" aria-required=\"true\" data-invmsg=\"T\u00e9l\u00e9phone est non valide\" aria-invalid=\"false\" pattern=\"((\\+\\d{1,3}(-|.| )?\\(?\\d\\)?(-| |.)?\\d{1,5})|(\\(?\\d{2,6}\\)?))(-|.| )?(\\d{3,4})(-|.| )?(\\d{4})(( x| ext)\\d{1,5}){0,1}$\"  \/>\r\n\t\r\n\t\r\n<\/div>\n<div id=\"frm_field_3_container\" class=\"frm_form_field form-field  frm_required_field frm_top_container frm_full\">\r\n\t<label for=\"field_29yf4d\" id=\"field_29yf4d_label\" class=\"frm_primary_label\">Email\r\n\t\t<span class=\"frm_required\" aria-hidden=\"true\">*<\/span>\r\n\t<\/label>\r\n\t<input type=\"email\" id=\"field_29yf4d\" name=\"item_meta[3]\" value=\"\"  data-reqmsg=\"Email ne peut pas \u00eatre vide.\" aria-required=\"true\" data-invmsg=\"Please enter a valid email address\" aria-invalid=\"false\"  \/>\r\n\t\r\n\t\r\n<\/div>\n<div id=\"frm_field_4_container\" class=\"frm_form_field form-field  frm_required_field frm_top_container frm_full\">\r\n\t<label for=\"field_e6lis6\" id=\"field_e6lis6_label\" class=\"frm_primary_label\">Sujet\r\n\t\t<span class=\"frm_required\" aria-hidden=\"true\">*<\/span>\r\n\t<\/label>\r\n\t<input type=\"text\" id=\"field_e6lis6\" name=\"item_meta[4]\" value=\"\"  data-reqmsg=\"Sujet ne peut pas \u00eatre vide.\" aria-required=\"true\" data-invmsg=\"Sujet est non valide\" aria-invalid=\"false\"  \/>\r\n\t\r\n\t\r\n<\/div>\n<div id=\"frm_field_5_container\" class=\"frm_form_field form-field  frm_required_field frm_top_container frm_full\">\r\n\t<label for=\"field_9jv0r1\" id=\"field_9jv0r1_label\" class=\"frm_primary_label\">Message\r\n\t\t<span class=\"frm_required\" aria-hidden=\"true\">*<\/span>\r\n\t<\/label>\r\n\t<textarea name=\"item_meta[5]\" id=\"field_9jv0r1\" rows=\"5\"  data-reqmsg=\"Message ne peut pas \u00eatre vide.\" aria-required=\"true\" data-invmsg=\"Message est non valide\" aria-invalid=\"false\"  ><\/textarea>\r\n\t\r\n\t\r\n<\/div>\n<div id=\"frm_field_6_container\" class=\"frm_form_field form-field \">\r\n\t<div class=\"frm_submit frm_flex\">\r\n<button class=\"frm_button_submit\" type=\"submit\"  >Envoyer<\/button>\r\n\r\n\r\n\r\n<\/div>\r\n<\/div>\n\t<input type=\"hidden\" name=\"item_key\" value=\"\" \/>\n\t\t\t<div id=\"frm_field_8_container\">\n\t\t\t<label for=\"field_t00dg\" >\n\t\t\t\tSi vous \u00eates un humain, ne remplissez pas ce champ.\t\t\t<\/label>\n\t\t\t<input  id=\"field_t00dg\" type=\"text\" class=\"frm_form_field form-field frm_verify\" name=\"item_meta[8]\" value=\"\"  \/>\n\t\t<\/div>\n\t\t<input name=\"frm_state\" type=\"hidden\" value=\"hJMLIdnqUHgTUTvNFuFXSlSGTF4F6gjMxY6hYjN5tBI=\" \/><\/div>\n<\/fieldset>\n<\/div>\n\n<\/form>\n<\/div>\n\n\n<div class=\"is-default-size aligncenter wp-block-site-logo\"><a href=\"https:\/\/www.scs-93.fr\/\" class=\"custom-logo-link\" rel=\"home\"><img loading=\"lazy\" decoding=\"async\" width=\"511\" height=\"511\" src=\"https:\/\/www.scs-93.fr\/wp-content\/uploads\/2025\/12\/cropped-cropped-SCS-vecto.png\" class=\"custom-logo\" alt=\"Sauveteurs Citoyens Secouristes 93\" srcset=\"https:\/\/www.scs-93.fr\/wp-content\/uploads\/2025\/12\/cropped-cropped-SCS-vecto.png 511w, https:\/\/www.scs-93.fr\/wp-content\/uploads\/2025\/12\/cropped-cropped-SCS-vecto-300x300.png 300w, https:\/\/www.scs-93.fr\/wp-content\/uploads\/2025\/12\/cropped-cropped-SCS-vecto-150x150.png 150w, https:\/\/www.scs-93.fr\/wp-content\/uploads\/2025\/12\/cropped-cropped-SCS-vecto-100x100.png 100w\" sizes=\"auto, (max-width: 511px) 100vw, 511px\" \/><\/a><\/div>\n\n\n<p><\/p>\n","protected":false},"excerpt":{"rendered":"<p>Afin d&rsquo;obtenir une r\u00e9ponse rapide et la plus adapt\u00e9e \u00e0 vos besoins, nous vous remercions de remplir ce formulaire le plus pr\u00e9cis\u00e9ment possible : type de formation souhait\u00e9e, certificat de comp\u00e9tences d\u00e9j\u00e0 d\u00e9tenu.<\/p>\n","protected":false},"author":2,"featured_media":0,"parent":0,"menu_order":0,"comment_status":"closed","ping_status":"closed","template":"","meta":{"footnotes":""},"class_list":["post-770","page","type-page","status-publish","hentry","entry","owp-thumbs-layout-horizontal","owp-btn-normal","owp-tabs-layout-horizontal","has-no-thumbnails","has-product-nav"],"yoast_head":"<!-- This site is optimized with the Yoast SEO plugin v25.7 - https:\/\/yoast.com\/wordpress\/plugins\/seo\/ -->\n<title>Contact - Sauveteurs Citoyens Secouristes 93<\/title>\n<meta name=\"robots\" content=\"index, follow, max-snippet:-1, max-image-preview:large, max-video-preview:-1\" \/>\n<link rel=\"canonical\" href=\"https:\/\/www.scs-93.fr\/index.php\/contact\/\" \/>\n<meta property=\"og:locale\" content=\"fr_FR\" \/>\n<meta property=\"og:type\" content=\"article\" \/>\n<meta property=\"og:title\" content=\"Contact - Sauveteurs Citoyens Secouristes 93\" \/>\n<meta property=\"og:description\" content=\"Afin d&rsquo;obtenir une r\u00e9ponse rapide et la plus adapt\u00e9e \u00e0 vos besoins, nous vous remercions de remplir ce formulaire le plus pr\u00e9cis\u00e9ment possible : type de formation souhait\u00e9e, certificat de comp\u00e9tences d\u00e9j\u00e0 d\u00e9tenu.\" \/>\n<meta property=\"og:url\" content=\"https:\/\/www.scs-93.fr\/index.php\/contact\/\" \/>\n<meta property=\"og:site_name\" content=\"Sauveteurs Citoyens Secouristes 93\" \/>\n<meta property=\"article:modified_time\" content=\"2025-08-20T15:12:23+00:00\" \/>\n<meta name=\"twitter:card\" content=\"summary_large_image\" \/>\n<meta name=\"twitter:label1\" content=\"Dur\u00e9e de lecture estim\u00e9e\" \/>\n\t<meta name=\"twitter:data1\" content=\"1 minute\" \/>\n<script type=\"application\/ld+json\" class=\"yoast-schema-graph\">{\"@context\":\"https:\/\/schema.org\",\"@graph\":[{\"@type\":\"WebPage\",\"@id\":\"https:\/\/www.scs-93.fr\/index.php\/contact\/\",\"url\":\"https:\/\/www.scs-93.fr\/index.php\/contact\/\",\"name\":\"Contact - Sauveteurs Citoyens Secouristes 93\",\"isPartOf\":{\"@id\":\"https:\/\/www.scs-93.fr\/#website\"},\"datePublished\":\"2024-04-15T19:23:08+00:00\",\"dateModified\":\"2025-08-20T15:12:23+00:00\",\"breadcrumb\":{\"@id\":\"https:\/\/www.scs-93.fr\/index.php\/contact\/#breadcrumb\"},\"inLanguage\":\"fr-FR\",\"potentialAction\":[{\"@type\":\"ReadAction\",\"target\":[\"https:\/\/www.scs-93.fr\/index.php\/contact\/\"]}]},{\"@type\":\"BreadcrumbList\",\"@id\":\"https:\/\/www.scs-93.fr\/index.php\/contact\/#breadcrumb\",\"itemListElement\":[{\"@type\":\"ListItem\",\"position\":1,\"name\":\"Home\",\"item\":\"https:\/\/www.scs-93.fr\/\"},{\"@type\":\"ListItem\",\"position\":2,\"name\":\"Contact\"}]},{\"@type\":\"WebSite\",\"@id\":\"https:\/\/www.scs-93.fr\/#website\",\"url\":\"https:\/\/www.scs-93.fr\/\",\"name\":\"Sauveteurs Citoyens Secouristes 93\",\"description\":\" Unis pour sauver des vies\",\"publisher\":{\"@id\":\"https:\/\/www.scs-93.fr\/#organization\"},\"potentialAction\":[{\"@type\":\"SearchAction\",\"target\":{\"@type\":\"EntryPoint\",\"urlTemplate\":\"https:\/\/www.scs-93.fr\/?s={search_term_string}\"},\"query-input\":{\"@type\":\"PropertyValueSpecification\",\"valueRequired\":true,\"valueName\":\"search_term_string\"}}],\"inLanguage\":\"fr-FR\"},{\"@type\":\"Organization\",\"@id\":\"https:\/\/www.scs-93.fr\/#organization\",\"name\":\"Sauveteurs Citoyens Secouristes 93\",\"url\":\"https:\/\/www.scs-93.fr\/\",\"logo\":{\"@type\":\"ImageObject\",\"inLanguage\":\"fr-FR\",\"@id\":\"https:\/\/www.scs-93.fr\/#\/schema\/logo\/image\/\",\"url\":\"https:\/\/www.scs-93.fr\/wp-content\/uploads\/2025\/08\/FPMNS-V1.5-fond_rondajust-fullvector_500x500.png\",\"contentUrl\":\"https:\/\/www.scs-93.fr\/wp-content\/uploads\/2025\/08\/FPMNS-V1.5-fond_rondajust-fullvector_500x500.png\",\"width\":500,\"height\":500,\"caption\":\"Sauveteurs Citoyens Secouristes 93\"},\"image\":{\"@id\":\"https:\/\/www.scs-93.fr\/#\/schema\/logo\/image\/\"}}]}<\/script>\n<!-- \/ Yoast SEO plugin. -->","yoast_head_json":{"title":"Contact - Sauveteurs Citoyens Secouristes 93","robots":{"index":"index","follow":"follow","max-snippet":"max-snippet:-1","max-image-preview":"max-image-preview:large","max-video-preview":"max-video-preview:-1"},"canonical":"https:\/\/www.scs-93.fr\/index.php\/contact\/","og_locale":"fr_FR","og_type":"article","og_title":"Contact - Sauveteurs Citoyens Secouristes 93","og_description":"Afin d&rsquo;obtenir une r\u00e9ponse rapide et la plus adapt\u00e9e \u00e0 vos besoins, nous vous remercions de remplir ce formulaire le plus pr\u00e9cis\u00e9ment possible : type de formation souhait\u00e9e, certificat de comp\u00e9tences d\u00e9j\u00e0 d\u00e9tenu.","og_url":"https:\/\/www.scs-93.fr\/index.php\/contact\/","og_site_name":"Sauveteurs Citoyens Secouristes 93","article_modified_time":"2025-08-20T15:12:23+00:00","twitter_card":"summary_large_image","twitter_misc":{"Dur\u00e9e de lecture estim\u00e9e":"1 minute"},"schema":{"@context":"https:\/\/schema.org","@graph":[{"@type":"WebPage","@id":"https:\/\/www.scs-93.fr\/index.php\/contact\/","url":"https:\/\/www.scs-93.fr\/index.php\/contact\/","name":"Contact - Sauveteurs Citoyens Secouristes 93","isPartOf":{"@id":"https:\/\/www.scs-93.fr\/#website"},"datePublished":"2024-04-15T19:23:08+00:00","dateModified":"2025-08-20T15:12:23+00:00","breadcrumb":{"@id":"https:\/\/www.scs-93.fr\/index.php\/contact\/#breadcrumb"},"inLanguage":"fr-FR","potentialAction":[{"@type":"ReadAction","target":["https:\/\/www.scs-93.fr\/index.php\/contact\/"]}]},{"@type":"BreadcrumbList","@id":"https:\/\/www.scs-93.fr\/index.php\/contact\/#breadcrumb","itemListElement":[{"@type":"ListItem","position":1,"name":"Home","item":"https:\/\/www.scs-93.fr\/"},{"@type":"ListItem","position":2,"name":"Contact"}]},{"@type":"WebSite","@id":"https:\/\/www.scs-93.fr\/#website","url":"https:\/\/www.scs-93.fr\/","name":"Sauveteurs Citoyens Secouristes 93","description":" Unis pour sauver des vies","publisher":{"@id":"https:\/\/www.scs-93.fr\/#organization"},"potentialAction":[{"@type":"SearchAction","target":{"@type":"EntryPoint","urlTemplate":"https:\/\/www.scs-93.fr\/?s={search_term_string}"},"query-input":{"@type":"PropertyValueSpecification","valueRequired":true,"valueName":"search_term_string"}}],"inLanguage":"fr-FR"},{"@type":"Organization","@id":"https:\/\/www.scs-93.fr\/#organization","name":"Sauveteurs Citoyens Secouristes 93","url":"https:\/\/www.scs-93.fr\/","logo":{"@type":"ImageObject","inLanguage":"fr-FR","@id":"https:\/\/www.scs-93.fr\/#\/schema\/logo\/image\/","url":"https:\/\/www.scs-93.fr\/wp-content\/uploads\/2025\/08\/FPMNS-V1.5-fond_rondajust-fullvector_500x500.png","contentUrl":"https:\/\/www.scs-93.fr\/wp-content\/uploads\/2025\/08\/FPMNS-V1.5-fond_rondajust-fullvector_500x500.png","width":500,"height":500,"caption":"Sauveteurs Citoyens Secouristes 93"},"image":{"@id":"https:\/\/www.scs-93.fr\/#\/schema\/logo\/image\/"}}]}},"_links":{"self":[{"href":"https:\/\/www.scs-93.fr\/index.php\/wp-json\/wp\/v2\/pages\/770","targetHints":{"allow":["GET"]}}],"collection":[{"href":"https:\/\/www.scs-93.fr\/index.php\/wp-json\/wp\/v2\/pages"}],"about":[{"href":"https:\/\/www.scs-93.fr\/index.php\/wp-json\/wp\/v2\/types\/page"}],"author":[{"embeddable":true,"href":"https:\/\/www.scs-93.fr\/index.php\/wp-json\/wp\/v2\/users\/2"}],"replies":[{"embeddable":true,"href":"https:\/\/www.scs-93.fr\/index.php\/wp-json\/wp\/v2\/comments?post=770"}],"version-history":[{"count":1,"href":"https:\/\/www.scs-93.fr\/index.php\/wp-json\/wp\/v2\/pages\/770\/revisions"}],"predecessor-version":[{"id":827,"href":"https:\/\/www.scs-93.fr\/index.php\/wp-json\/wp\/v2\/pages\/770\/revisions\/827"}],"wp:attachment":[{"href":"https:\/\/www.scs-93.fr\/index.php\/wp-json\/wp\/v2\/media?parent=770"}],"curies":[{"name":"wp","href":"https:\/\/api.w.org\/{rel}","templated":true}]}}