{"id":7,"date":"2025-08-16T18:43:54","date_gmt":"2025-08-16T16:43:54","guid":{"rendered":"https:\/\/www.scs-93.fr\/index.php\/cart\/"},"modified":"2025-10-12T22:20:15","modified_gmt":"2025-10-12T20:20:15","slug":"cart","status":"publish","type":"page","link":"https:\/\/www.scs-93.fr\/index.php\/cart\/","title":{"rendered":"Panier (pensez \u00e0 v\u00e9rifier que vous n&rsquo;avez rien oubli\u00e9)"},"content":{"rendered":"\n<div data-block-name=\"woocommerce\/cart\" class=\"wp-block-woocommerce-cart alignwide is-loading\">\n<div data-block-name=\"woocommerce\/filled-cart-block\" class=\"wp-block-woocommerce-filled-cart-block\">\n<div data-block-name=\"woocommerce\/cart-items-block\" class=\"wp-block-woocommerce-cart-items-block\">\n<div data-block-name=\"woocommerce\/cart-line-items-block\" class=\"wp-block-woocommerce-cart-line-items-block\"><\/div>\n\n\n\n<div data-block-name=\"woocommerce\/cart-cross-sells-block\" class=\"wp-block-woocommerce-cart-cross-sells-block\">\n<h2 class=\"wp-block-heading has-large-font-size\">You may be interested in\u2026<\/h2>\n\n\n\n<div data-block-name=\"woocommerce\/cart-cross-sells-products-block\" class=\"wp-block-woocommerce-cart-cross-sells-products-block\"><\/div>\n<\/div>\n<\/div>\n\n\n\n<div data-block-name=\"woocommerce\/cart-totals-block\" class=\"wp-block-woocommerce-cart-totals-block\">\n<div data-block-name=\"woocommerce\/cart-order-summary-block\" class=\"wp-block-woocommerce-cart-order-summary-block\">\n<div data-block-name=\"woocommerce\/cart-order-summary-heading-block\" class=\"wp-block-woocommerce-cart-order-summary-heading-block\"><\/div><div data-block-name=\"woocommerce\/cart-order-summary-coupon-form-block\" class=\"wp-block-woocommerce-cart-order-summary-coupon-form-block\"><\/div><div data-block-name=\"woocommerce\/cart-order-summary-totals-block\" class=\"wp-block-woocommerce-cart-order-summary-totals-block\">\n<div data-block-name=\"woocommerce\/cart-order-summary-subtotal-block\" class=\"wp-block-woocommerce-cart-order-summary-subtotal-block\"><\/div>\n<div data-block-name=\"woocommerce\/cart-order-summary-discount-block\" class=\"wp-block-woocommerce-cart-order-summary-discount-block\"><\/div>\n<div data-block-name=\"woocommerce\/cart-order-summary-fee-block\" class=\"wp-block-woocommerce-cart-order-summary-fee-block\"><\/div>\n<div data-block-name=\"woocommerce\/cart-order-summary-shipping-block\" class=\"wp-block-woocommerce-cart-order-summary-shipping-block\"><\/div>\n<div data-block-name=\"woocommerce\/cart-order-summary-taxes-block\" class=\"wp-block-woocommerce-cart-order-summary-taxes-block\"><\/div><\/div>\n<\/div>\n\n\n\n<div data-block-name=\"woocommerce\/cart-express-payment-block\" class=\"wp-block-woocommerce-cart-express-payment-block\"><\/div>\n\n\n\n<div data-block-name=\"woocommerce\/proceed-to-checkout-block\" class=\"wp-block-woocommerce-proceed-to-checkout-block\"><\/div>\n\n\n\n<div data-block-name=\"woocommerce\/cart-accepted-payment-methods-block\" class=\"wp-block-woocommerce-cart-accepted-payment-methods-block\"><\/div>\n<\/div>\n<\/div>\n\n\n\n<div data-block-name=\"woocommerce\/empty-cart-block\" class=\"wp-block-woocommerce-empty-cart-block\">\n<h2 class=\"wp-block-heading has-text-align-center with-empty-cart-icon wc-block-cart__empty-cart__title\">Your cart is currently empty!<\/h2>\n\n\n\n<hr class=\"wp-block-separator has-alpha-channel-opacity is-style-dots\"\/>\n\n\n\n<h2 class=\"wp-block-heading has-text-align-center\">New in store<\/h2>\n\n\n<div data-block-name=\"woocommerce\/product-new\" data-columns=\"4\" data-rows=\"1\" class=\"wc-block-grid wp-block-product-new wp-block-woocommerce-product-new wc-block-product-new has-4-columns\"><ul class=\"wc-block-grid__products\"><li class=\"wc-block-grid__product\">\n\t\t\t\t<a href=\"https:\/\/www.scs-93.fr\/index.php\/produit\/formation-continue-pse1-pse2-dimanche-14-juin-2026\/\" class=\"wc-block-grid__product-link\">\n\t\t\t\t\t\n\t\t\t\t\t<div class=\"wc-block-grid__product-image\"><img loading=\"lazy\" decoding=\"async\" width=\"300\" height=\"300\" src=\"https:\/\/www.scs-93.fr\/wp-content\/uploads\/2026\/01\/FC-PSE-scs93-15-fevrier-300x300.jpg\" class=\"attachment-woocommerce_thumbnail size-woocommerce_thumbnail\" alt=\"Formation Continue PSE1 \/ PSE2 : dimanche 14 Juin 2026\" srcset=\"https:\/\/www.scs-93.fr\/wp-content\/uploads\/2026\/01\/FC-PSE-scs93-15-fevrier-300x300.jpg 300w, https:\/\/www.scs-93.fr\/wp-content\/uploads\/2026\/01\/FC-PSE-scs93-15-fevrier-1024x1024.jpg 1024w, https:\/\/www.scs-93.fr\/wp-content\/uploads\/2026\/01\/FC-PSE-scs93-15-fevrier-150x150.jpg 150w, https:\/\/www.scs-93.fr\/wp-content\/uploads\/2026\/01\/FC-PSE-scs93-15-fevrier-768x768.jpg 768w, https:\/\/www.scs-93.fr\/wp-content\/uploads\/2026\/01\/FC-PSE-scs93-15-fevrier-600x600.jpg 600w, https:\/\/www.scs-93.fr\/wp-content\/uploads\/2026\/01\/FC-PSE-scs93-15-fevrier-100x100.jpg 100w, https:\/\/www.scs-93.fr\/wp-content\/uploads\/2026\/01\/FC-PSE-scs93-15-fevrier.jpg 1080w\" sizes=\"auto, (max-width: 300px) 100vw, 300px\" \/><\/div>\n\t\t\t\t\t<div class=\"wc-block-grid__product-title\">Formation Continue PSE1 \/ PSE2 : dimanche 14 Juin 2026<\/div>\n\t\t\t\t<\/a>\n\t\t\t\t<div class=\"wc-block-grid__product-price price\"><span class=\"woocommerce-Price-amount amount\">85,00&nbsp;<span class=\"woocommerce-Price-currencySymbol\">&euro;<\/span><\/span><\/div>\n\t\t\t\t\n\t\t\t\t<div class=\"wp-block-button wc-block-grid__product-add-to-cart\"><a href=\"\/index.php\/wp-json\/wp\/v2\/pages\/7?add-to-cart=1098\" aria-label=\"Ajouter au panier\u00a0: &ldquo;Formation Continue PSE1 \/ PSE2 : dimanche 14 Juin 2026&rdquo;\" data-quantity=\"1\" data-product_id=\"1098\" data-product_sku=\"FC18-1-1-1-1\" data-price=\"85\" rel=\"nofollow\" class=\"wp-block-button__link  add_to_cart_button ajax_add_to_cart\">Ajouter au panier<\/a><\/div>\n\t\t\t<\/li><li class=\"wc-block-grid__product\">\n\t\t\t\t<a href=\"https:\/\/www.scs-93.fr\/index.php\/produit\/formation-pse2-du-27-au-30-avril-2026\/\" class=\"wc-block-grid__product-link\">\n\t\t\t\t\t\n\t\t\t\t\t<div class=\"wc-block-grid__product-image\"><img loading=\"lazy\" decoding=\"async\" width=\"300\" height=\"300\" src=\"https:\/\/www.scs-93.fr\/wp-content\/uploads\/2026\/01\/PSE2-avril-scs93-300x300.jpg\" class=\"attachment-woocommerce_thumbnail size-woocommerce_thumbnail\" alt=\"Formation PSE2 du 27 au 30 avril 2026\" srcset=\"https:\/\/www.scs-93.fr\/wp-content\/uploads\/2026\/01\/PSE2-avril-scs93-300x300.jpg 300w, https:\/\/www.scs-93.fr\/wp-content\/uploads\/2026\/01\/PSE2-avril-scs93-1024x1024.jpg 1024w, https:\/\/www.scs-93.fr\/wp-content\/uploads\/2026\/01\/PSE2-avril-scs93-150x150.jpg 150w, https:\/\/www.scs-93.fr\/wp-content\/uploads\/2026\/01\/PSE2-avril-scs93-768x768.jpg 768w, https:\/\/www.scs-93.fr\/wp-content\/uploads\/2026\/01\/PSE2-avril-scs93-600x600.jpg 600w, https:\/\/www.scs-93.fr\/wp-content\/uploads\/2026\/01\/PSE2-avril-scs93-100x100.jpg 100w, https:\/\/www.scs-93.fr\/wp-content\/uploads\/2026\/01\/PSE2-avril-scs93.jpg 1080w\" sizes=\"auto, (max-width: 300px) 100vw, 300px\" \/><\/div>\n\t\t\t\t\t<div class=\"wc-block-grid__product-title\">Formation PSE2 du 27 au 30 avril 2026<\/div>\n\t\t\t\t<\/a>\n\t\t\t\t<div class=\"wc-block-grid__product-price price\"><span class=\"woocommerce-Price-amount amount\">260,00&nbsp;<span class=\"woocommerce-Price-currencySymbol\">&euro;<\/span><\/span><\/div>\n\t\t\t\t\n\t\t\t\t<div class=\"wp-block-button wc-block-grid__product-add-to-cart\"><a href=\"\/index.php\/wp-json\/wp\/v2\/pages\/7?add-to-cart=1063\" aria-label=\"Ajouter au panier\u00a0: &ldquo;Formation PSE2 du 27 au 30 avril 2026&rdquo;\" data-quantity=\"1\" data-product_id=\"1063\" data-product_sku=\"PSE2 18-1\" data-price=\"260\" rel=\"nofollow\" class=\"wp-block-button__link  add_to_cart_button ajax_add_to_cart\">Ajouter au panier<\/a><\/div>\n\t\t\t<\/li><li class=\"wc-block-grid__product\">\n\t\t\t\t<a href=\"https:\/\/www.scs-93.fr\/index.php\/produit\/formation-continue-pse1-pse2-dimanche-12-avril-2026\/\" class=\"wc-block-grid__product-link\">\n\t\t\t\t\t\n\t\t\t\t\t<div class=\"wc-block-grid__product-image\"><img loading=\"lazy\" decoding=\"async\" width=\"300\" height=\"300\" src=\"https:\/\/www.scs-93.fr\/wp-content\/uploads\/2026\/01\/FC-PSE-scs93-15-fevrier-300x300.jpg\" class=\"attachment-woocommerce_thumbnail size-woocommerce_thumbnail\" alt=\"Formation Continue PSE1 \/ PSE2 : dimanche 12 avril 2026\" srcset=\"https:\/\/www.scs-93.fr\/wp-content\/uploads\/2026\/01\/FC-PSE-scs93-15-fevrier-300x300.jpg 300w, https:\/\/www.scs-93.fr\/wp-content\/uploads\/2026\/01\/FC-PSE-scs93-15-fevrier-1024x1024.jpg 1024w, https:\/\/www.scs-93.fr\/wp-content\/uploads\/2026\/01\/FC-PSE-scs93-15-fevrier-150x150.jpg 150w, https:\/\/www.scs-93.fr\/wp-content\/uploads\/2026\/01\/FC-PSE-scs93-15-fevrier-768x768.jpg 768w, https:\/\/www.scs-93.fr\/wp-content\/uploads\/2026\/01\/FC-PSE-scs93-15-fevrier-600x600.jpg 600w, https:\/\/www.scs-93.fr\/wp-content\/uploads\/2026\/01\/FC-PSE-scs93-15-fevrier-100x100.jpg 100w, https:\/\/www.scs-93.fr\/wp-content\/uploads\/2026\/01\/FC-PSE-scs93-15-fevrier.jpg 1080w\" sizes=\"auto, (max-width: 300px) 100vw, 300px\" \/><\/div>\n\t\t\t\t\t<div class=\"wc-block-grid__product-title\">Formation Continue PSE1 \/ PSE2 : dimanche 12 avril 2026<\/div>\n\t\t\t\t<\/a>\n\t\t\t\t<div class=\"wc-block-grid__product-price price\"><span class=\"woocommerce-Price-amount amount\">85,00&nbsp;<span class=\"woocommerce-Price-currencySymbol\">&euro;<\/span><\/span><\/div>\n\t\t\t\t\n\t\t\t\t<div class=\"wp-block-button wc-block-grid__product-add-to-cart\"><a href=\"\/index.php\/wp-json\/wp\/v2\/pages\/7?add-to-cart=1056\" aria-label=\"Ajouter au panier\u00a0: &ldquo;Formation Continue PSE1 \/ PSE2 : dimanche 12 avril 2026&rdquo;\" data-quantity=\"1\" data-product_id=\"1056\" data-product_sku=\"FC18-1-1-1\" data-price=\"85\" rel=\"nofollow\" class=\"wp-block-button__link  add_to_cart_button ajax_add_to_cart\">Ajouter au panier<\/a><\/div>\n\t\t\t<\/li><\/ul><\/div><\/div>\n<\/div>\n","protected":false},"excerpt":{"rendered":"","protected":false},"author":1,"featured_media":0,"parent":0,"menu_order":0,"comment_status":"closed","ping_status":"closed","template":"","meta":{"footnotes":""},"class_list":["post-7","page","type-page","status-publish","hentry","entry","owp-thumbs-layout-horizontal","owp-btn-normal","owp-tabs-layout-horizontal","has-no-thumbnails","has-product-nav"],"yoast_head":"<!-- This site is optimized with the Yoast SEO plugin v25.7 - https:\/\/yoast.com\/wordpress\/plugins\/seo\/ -->\n<title>Panier (pensez \u00e0 v\u00e9rifier que vous n&#039;avez rien oubli\u00e9) - Sauveteurs Citoyens Secouristes 93<\/title>\n<meta name=\"robots\" content=\"index, follow, max-snippet:-1, max-image-preview:large, max-video-preview:-1\" \/>\n<link rel=\"canonical\" href=\"https:\/\/www.scs-93.fr\/index.php\/cart\/\" \/>\n<meta property=\"og:locale\" content=\"fr_FR\" \/>\n<meta property=\"og:type\" content=\"article\" \/>\n<meta property=\"og:title\" content=\"Panier (pensez \u00e0 v\u00e9rifier que vous n&#039;avez rien oubli\u00e9) - Sauveteurs Citoyens Secouristes 93\" \/>\n<meta property=\"og:url\" content=\"https:\/\/www.scs-93.fr\/index.php\/cart\/\" \/>\n<meta property=\"og:site_name\" content=\"Sauveteurs Citoyens Secouristes 93\" \/>\n<meta property=\"article:modified_time\" content=\"2025-10-12T20:20:15+00:00\" \/>\n<meta name=\"twitter:card\" content=\"summary_large_image\" \/>\n<meta name=\"twitter:label1\" content=\"Dur\u00e9e de lecture estim\u00e9e\" \/>\n\t<meta name=\"twitter:data1\" content=\"1 minute\" \/>\n<script type=\"application\/ld+json\" class=\"yoast-schema-graph\">{\"@context\":\"https:\/\/schema.org\",\"@graph\":[{\"@type\":\"WebPage\",\"@id\":\"https:\/\/www.scs-93.fr\/index.php\/cart\/\",\"url\":\"https:\/\/www.scs-93.fr\/index.php\/cart\/\",\"name\":\"Panier (pensez \u00e0 v\u00e9rifier que vous n'avez rien oubli\u00e9) - Sauveteurs Citoyens Secouristes 93\",\"isPartOf\":{\"@id\":\"https:\/\/www.scs-93.fr\/#website\"},\"datePublished\":\"2025-08-16T16:43:54+00:00\",\"dateModified\":\"2025-10-12T20:20:15+00:00\",\"breadcrumb\":{\"@id\":\"https:\/\/www.scs-93.fr\/index.php\/cart\/#breadcrumb\"},\"inLanguage\":\"fr-FR\",\"potentialAction\":[{\"@type\":\"ReadAction\",\"target\":[\"https:\/\/www.scs-93.fr\/index.php\/cart\/\"]}]},{\"@type\":\"BreadcrumbList\",\"@id\":\"https:\/\/www.scs-93.fr\/index.php\/cart\/#breadcrumb\",\"itemListElement\":[{\"@type\":\"ListItem\",\"position\":1,\"name\":\"Home\",\"item\":\"https:\/\/www.scs-93.fr\/\"},{\"@type\":\"ListItem\",\"position\":2,\"name\":\"Panier (pensez \u00e0 v\u00e9rifier que vous n&rsquo;avez rien oubli\u00e9)\"}]},{\"@type\":\"WebSite\",\"@id\":\"https:\/\/www.scs-93.fr\/#website\",\"url\":\"https:\/\/www.scs-93.fr\/\",\"name\":\"Sauveteurs Citoyens Secouristes 93\",\"description\":\" Unis pour sauver des vies\",\"publisher\":{\"@id\":\"https:\/\/www.scs-93.fr\/#organization\"},\"potentialAction\":[{\"@type\":\"SearchAction\",\"target\":{\"@type\":\"EntryPoint\",\"urlTemplate\":\"https:\/\/www.scs-93.fr\/?s={search_term_string}\"},\"query-input\":{\"@type\":\"PropertyValueSpecification\",\"valueRequired\":true,\"valueName\":\"search_term_string\"}}],\"inLanguage\":\"fr-FR\"},{\"@type\":\"Organization\",\"@id\":\"https:\/\/www.scs-93.fr\/#organization\",\"name\":\"Sauveteurs Citoyens Secouristes 93\",\"url\":\"https:\/\/www.scs-93.fr\/\",\"logo\":{\"@type\":\"ImageObject\",\"inLanguage\":\"fr-FR\",\"@id\":\"https:\/\/www.scs-93.fr\/#\/schema\/logo\/image\/\",\"url\":\"https:\/\/www.scs-93.fr\/wp-content\/uploads\/2025\/08\/FPMNS-V1.5-fond_rondajust-fullvector_500x500.png\",\"contentUrl\":\"https:\/\/www.scs-93.fr\/wp-content\/uploads\/2025\/08\/FPMNS-V1.5-fond_rondajust-fullvector_500x500.png\",\"width\":500,\"height\":500,\"caption\":\"Sauveteurs Citoyens Secouristes 93\"},\"image\":{\"@id\":\"https:\/\/www.scs-93.fr\/#\/schema\/logo\/image\/\"}}]}<\/script>\n<!-- \/ Yoast SEO plugin. -->","yoast_head_json":{"title":"Panier (pensez \u00e0 v\u00e9rifier que vous n'avez rien oubli\u00e9) - Sauveteurs Citoyens Secouristes 93","robots":{"index":"index","follow":"follow","max-snippet":"max-snippet:-1","max-image-preview":"max-image-preview:large","max-video-preview":"max-video-preview:-1"},"canonical":"https:\/\/www.scs-93.fr\/index.php\/cart\/","og_locale":"fr_FR","og_type":"article","og_title":"Panier (pensez \u00e0 v\u00e9rifier que vous n'avez rien oubli\u00e9) - Sauveteurs Citoyens Secouristes 93","og_url":"https:\/\/www.scs-93.fr\/index.php\/cart\/","og_site_name":"Sauveteurs Citoyens Secouristes 93","article_modified_time":"2025-10-12T20:20:15+00:00","twitter_card":"summary_large_image","twitter_misc":{"Dur\u00e9e de lecture estim\u00e9e":"1 minute"},"schema":{"@context":"https:\/\/schema.org","@graph":[{"@type":"WebPage","@id":"https:\/\/www.scs-93.fr\/index.php\/cart\/","url":"https:\/\/www.scs-93.fr\/index.php\/cart\/","name":"Panier (pensez \u00e0 v\u00e9rifier que vous n'avez rien oubli\u00e9) - Sauveteurs Citoyens Secouristes 93","isPartOf":{"@id":"https:\/\/www.scs-93.fr\/#website"},"datePublished":"2025-08-16T16:43:54+00:00","dateModified":"2025-10-12T20:20:15+00:00","breadcrumb":{"@id":"https:\/\/www.scs-93.fr\/index.php\/cart\/#breadcrumb"},"inLanguage":"fr-FR","potentialAction":[{"@type":"ReadAction","target":["https:\/\/www.scs-93.fr\/index.php\/cart\/"]}]},{"@type":"BreadcrumbList","@id":"https:\/\/www.scs-93.fr\/index.php\/cart\/#breadcrumb","itemListElement":[{"@type":"ListItem","position":1,"name":"Home","item":"https:\/\/www.scs-93.fr\/"},{"@type":"ListItem","position":2,"name":"Panier (pensez \u00e0 v\u00e9rifier que vous n&rsquo;avez rien oubli\u00e9)"}]},{"@type":"WebSite","@id":"https:\/\/www.scs-93.fr\/#website","url":"https:\/\/www.scs-93.fr\/","name":"Sauveteurs Citoyens Secouristes 93","description":" Unis pour sauver des vies","publisher":{"@id":"https:\/\/www.scs-93.fr\/#organization"},"potentialAction":[{"@type":"SearchAction","target":{"@type":"EntryPoint","urlTemplate":"https:\/\/www.scs-93.fr\/?s={search_term_string}"},"query-input":{"@type":"PropertyValueSpecification","valueRequired":true,"valueName":"search_term_string"}}],"inLanguage":"fr-FR"},{"@type":"Organization","@id":"https:\/\/www.scs-93.fr\/#organization","name":"Sauveteurs Citoyens Secouristes 93","url":"https:\/\/www.scs-93.fr\/","logo":{"@type":"ImageObject","inLanguage":"fr-FR","@id":"https:\/\/www.scs-93.fr\/#\/schema\/logo\/image\/","url":"https:\/\/www.scs-93.fr\/wp-content\/uploads\/2025\/08\/FPMNS-V1.5-fond_rondajust-fullvector_500x500.png","contentUrl":"https:\/\/www.scs-93.fr\/wp-content\/uploads\/2025\/08\/FPMNS-V1.5-fond_rondajust-fullvector_500x500.png","width":500,"height":500,"caption":"Sauveteurs Citoyens Secouristes 93"},"image":{"@id":"https:\/\/www.scs-93.fr\/#\/schema\/logo\/image\/"}}]}},"_links":{"self":[{"href":"https:\/\/www.scs-93.fr\/index.php\/wp-json\/wp\/v2\/pages\/7","targetHints":{"allow":["GET"]}}],"collection":[{"href":"https:\/\/www.scs-93.fr\/index.php\/wp-json\/wp\/v2\/pages"}],"about":[{"href":"https:\/\/www.scs-93.fr\/index.php\/wp-json\/wp\/v2\/types\/page"}],"author":[{"embeddable":true,"href":"https:\/\/www.scs-93.fr\/index.php\/wp-json\/wp\/v2\/users\/1"}],"replies":[{"embeddable":true,"href":"https:\/\/www.scs-93.fr\/index.php\/wp-json\/wp\/v2\/comments?post=7"}],"version-history":[{"count":2,"href":"https:\/\/www.scs-93.fr\/index.php\/wp-json\/wp\/v2\/pages\/7\/revisions"}],"predecessor-version":[{"id":925,"href":"https:\/\/www.scs-93.fr\/index.php\/wp-json\/wp\/v2\/pages\/7\/revisions\/925"}],"wp:attachment":[{"href":"https:\/\/www.scs-93.fr\/index.php\/wp-json\/wp\/v2\/media?parent=7"}],"curies":[{"name":"wp","href":"https:\/\/api.w.org\/{rel}","templated":true}]}}