{"id":375,"date":"2023-09-16T16:36:42","date_gmt":"2023-09-16T16:36:42","guid":{"rendered":"https:\/\/cvnsslf93.com\/?page_id=3"},"modified":"2025-08-20T17:22:36","modified_gmt":"2025-08-20T15:22:36","slug":"privacy-policy-2","status":"publish","type":"page","link":"https:\/\/www.scs-93.fr\/index.php\/privacy-policy-2\/","title":{"rendered":"Politique de Protection des Donn\u00e9es Personnelles"},"content":{"rendered":"\n<h2 class=\"wp-block-heading\">1. Objet et champ d&rsquo;application<\/h2>\n\n\n\n<p>L&rsquo;association \u00a0\u00bb Sauveteurs Citoyens Secouristes (ci-apr\u00e8s \u00ab\u00a0SCS93\u00a0\u00bb ou \u00ab\u00a0nous\u00a0\u00bb) se soucie de la protection de la vie priv\u00e9e des internautes (ci-apr\u00e8s les \u00ab\u00a0visiteurs\u00a0\u00bb ou \u00ab\u00a0vous\u00a0\u00bb) et s&rsquo;engage \u00e0 assurer le meilleur niveau de protection de vos donn\u00e9es personnelles que vous nous confiez.<\/p>\n\n\n\n<p>Cette pr\u00e9sente politique a pour objet de vous informer de la mani\u00e8re dont nous traitons vos donn\u00e9es personnelles que vous nous transmettez et que nous recueillons dans le cadre de votre utilisation de notre site internet https:\/\/www.scs-93.fr. Elle respecte la r\u00e9glementation en vigueur, notamment le R\u00e8glement G\u00e9n\u00e9ral sur la Protection des Donn\u00e9es du 27 avril 2016 et la loi Informatique et Libert\u00e9s du 6 Janvier 1978 modifi\u00e9e.<\/p>\n\n\n\n<p>Cette politique s&rsquo;applique aux traitements de vos donn\u00e9es personnelles r\u00e9alis\u00e9s par le SCS93 sur :<\/p>\n\n\n\n<ul class=\"wp-block-list\">\n<li>l&rsquo;inscription aux formations secourismes dans leur globalit\u00e9<\/li>\n\n\n\n<li>l&rsquo;inscription aux formations BNSSA et examen BNSSA, y compris recyclage quinquennal.<\/li>\n<\/ul>\n\n\n\n<p><\/p>\n\n\n\n<h2 class=\"wp-block-heading\">2. Objectifs et fondements du traitement de vos donn\u00e9es personnelles.<\/h2>\n\n\n\n<p>Nous recueillons et traitons vos donn\u00e9es personnelles dans le but de :<\/p>\n\n\n\n<ul class=\"wp-block-list\">\n<li>g\u00e9rer, traiter, suivre vos demandes d&rsquo;informations, d&rsquo;aide, de contact, de devis, de facture et de vous apporter une r\u00e9ponse la plus pr\u00e9cise possible,<\/li>\n\n\n\n<li>r\u00e9aliser des op\u00e9rations de prospection, de communication et de sensibilisation relatives \u00e0 nos actions de formations,<\/li>\n\n\n\n<li>g\u00e9rer et traiter vos demandes d&rsquo;inscription \u00e0 l&rsquo;une de nos formations,<\/li>\n\n\n\n<li>g\u00e9rer et traiter le paiement par virement des formations auxquelles vous participez,<\/li>\n\n\n\n<li>r\u00e9aliser des enqu\u00eates de satisfactions apr\u00e8s votre formation,<\/li>\n\n\n\n<li>g\u00e9rer vos demandes d&rsquo;exercice des droits en mati\u00e8re de protection des donn\u00e9es personnelles,<\/li>\n\n\n\n<li>respecter nos obligations l\u00e9gales et r\u00e9glementaires concernant nos formations,<\/li>\n\n\n\n<li>g\u00e9rer et traiter vos cookies sous r\u00e9serve de votre consentement.<\/li>\n<\/ul>\n\n\n\n<p>Les traitements r\u00e9alis\u00e9s par le SCS93 sont donc n\u00e9cessaires :<\/p>\n\n\n\n<ul class=\"wp-block-list\">\n<li>pour faciliter la gestion de nos relations, traiter vos demandes et vous communiquer des informations relatives \u00e0 nos actions,<\/li>\n\n\n\n<li>pour le respect d&rsquo;une obligation l\u00e9gale \u00e0 laquelle le SCS93 ne peut d\u00e9roger.<\/li>\n<\/ul>\n\n\n\n<p><\/p>\n\n\n\n<h2 class=\"wp-block-heading\">3. Cat\u00e9gories et dur\u00e9e de conservations de vos donn\u00e9es personnelles collect\u00e9es<\/h2>\n\n\n\n<p>Dans les formulaires de donn\u00e9es personnelles pr\u00e9sents sur notre site, vous \u00eates inform\u00e9s du caract\u00e8re obligatoire de la collecte de donn\u00e9es par la pr\u00e9sence d&rsquo;un ast\u00e9risque rouge. En l&rsquo;absence de renseignement d&rsquo;un champ obligatoire, nous ne pourrons traiter votre demande.<\/p>\n\n\n<div class=\"wp-block-image\">\n<figure class=\"aligncenter size-full is-resized\"><img loading=\"lazy\" decoding=\"async\" width=\"664\" height=\"574\" src=\"https:\/\/www.scs-93.fr\/wp-content\/uploads\/2025\/02\/Capture-decran-2025-02-20-152549.png\" alt=\"\" class=\"wp-image-751\" style=\"width:598px;height:auto\" srcset=\"https:\/\/www.scs-93.fr\/wp-content\/uploads\/2025\/02\/Capture-decran-2025-02-20-152549.png 664w, https:\/\/www.scs-93.fr\/wp-content\/uploads\/2025\/02\/Capture-decran-2025-02-20-152549-600x519.png 600w, https:\/\/www.scs-93.fr\/wp-content\/uploads\/2025\/02\/Capture-decran-2025-02-20-152549-300x259.png 300w\" sizes=\"auto, (max-width: 664px) 100vw, 664px\" \/><\/figure>\n<\/div>\n\n\n<h2 class=\"wp-block-heading\">4. Destinataires de vos donn\u00e9es personnelles<\/h2>\n\n\n\n<p>Vos donn\u00e9es personnelles sont destin\u00e9es aux services et aux personnes habilit\u00e9s du SCS93 et de la FPMNS qui ont:<\/p>\n\n\n\n<ul class=\"wp-block-list\">\n<li>un acc\u00e8s limit\u00e9 \u00e0 vos donn\u00e9es personnelles, uniquement pour la r\u00e9alisation de l&rsquo;ex\u00e9cution de leurs prestations,<\/li>\n\n\n\n<li>une obligation contractuelle de les utiliser conform\u00e9ment \u00e0 nos instructions et avec les dispositions l\u00e9gales en mati\u00e8re de protection des donn\u00e9es personnelles.<\/li>\n<\/ul>\n\n\n\n<p>Toutefois, vos donn\u00e9es personnelles ne seront jamais communiqu\u00e9es \u00e0 des partenaires techniques ou commerciaux ! Par ailleurs, nous sommes susceptibles de transmettre vos donn\u00e9es \u00e0 la demande des autorit\u00e9s judiciaires, polici\u00e8res ou administratives l\u00e9galement habilit\u00e9es \u00e0 en connaitre. <\/p>\n\n\n\n<p><\/p>\n\n\n\n<h2 class=\"wp-block-heading\">5. S\u00e9curit\u00e9 de vos donn\u00e9es<\/h2>\n\n\n\n<p>Le SCS93 met toutes les mesures techniques et organisationnelles n\u00e9cessaires en \u0153uvre pour vous garantir un niveau de s\u00e9curit\u00e9 adapt\u00e9 au risque.<\/p>\n\n\n\n<h2 class=\"wp-block-heading\">6. Droits en mati\u00e8re de protection des donn\u00e9es<\/h2>\n\n\n\n<p>Vous disposez d&rsquo;un droit d&rsquo;acc\u00e8s et d&rsquo;un droit de rectification de vos donn\u00e9es conform\u00e9ment \u00e0 la r\u00e9glementation applicable en mati\u00e8re de protection des donn\u00e9es. Vous pouvez b\u00e9n\u00e9ficier dans certains cas, d&rsquo;un droit de suppression, de limitation du traitement et d&rsquo;un droit \u00e0 la portabilit\u00e9 de vos donn\u00e9es. Vous disposez \u00e9galement d&rsquo;un droit d&rsquo;opposition \u00e0 ce que les donn\u00e9es \u00e0 caract\u00e8res personnel vous concernant fassent l&rsquo;objet d&rsquo;un traitement, et d&rsquo;un droit d&rsquo;opposition \u00e0 ce que vos donn\u00e9es soient utilis\u00e9es pour de la prospection.<\/p>\n\n\n\n<p>Vous pouvez exercer vos droits par email \u00e0 l&rsquo;adresse contact@scs-93.fr <\/p>\n\n\n\n<p>Sachez que le num\u00e9ro de t\u00e9l\u00e9phone transmis sur notre site internet ne sera pas utilis\u00e9 pour du d\u00e9marchage t\u00e9l\u00e9phonique mais dans un souci de r\u00e9pondre le plus pr\u00e9cis\u00e9ment possible \u00e0 l&rsquo;une de vos questions. <\/p>\n\n\n\n<h2 class=\"wp-block-heading\">7. Mise \u00e0 jour de la politique de protection des donn\u00e9es personnelles<\/h2>\n\n\n\n<p>Notre politique peut \u00e9voluer \u00e0 tout moment, nous vous invitons donc \u00e0 la consulter r\u00e9guli\u00e8rement. Vous pouvez y avoir acc\u00e8s en cliquant sur le lien figurant sur la page de formulaire de collecte de donn\u00e9es.<\/p>\n\n\n\n<p><\/p>\n\n\n\n<h2 class=\"wp-block-heading\">Derni\u00e8re modification 30\/05\/2025<\/h2>\n\n\n<div class=\"aligncenter wp-block-site-logo\"><a href=\"https:\/\/www.scs-93.fr\/\" class=\"custom-logo-link\" rel=\"home\"><img loading=\"lazy\" decoding=\"async\" width=\"64\" height=\"64\" src=\"https:\/\/www.scs-93.fr\/wp-content\/uploads\/2025\/12\/cropped-cropped-SCS-vecto.png\" class=\"custom-logo\" alt=\"Sauveteurs Citoyens Secouristes 93\" srcset=\"https:\/\/www.scs-93.fr\/wp-content\/uploads\/2025\/12\/cropped-cropped-SCS-vecto.png 511w, https:\/\/www.scs-93.fr\/wp-content\/uploads\/2025\/12\/cropped-cropped-SCS-vecto-300x300.png 300w, https:\/\/www.scs-93.fr\/wp-content\/uploads\/2025\/12\/cropped-cropped-SCS-vecto-150x150.png 150w, https:\/\/www.scs-93.fr\/wp-content\/uploads\/2025\/12\/cropped-cropped-SCS-vecto-100x100.png 100w\" sizes=\"auto, (max-width: 64px) 100vw, 64px\" \/><\/a><\/div>","protected":false},"excerpt":{"rendered":"<p>1. Objet et champ d&rsquo;application L&rsquo;association \u00a0\u00bb Sauveteurs Citoyens Secouristes (ci-apr\u00e8s \u00ab\u00a0SCS93\u00a0\u00bb ou \u00ab\u00a0nous\u00a0\u00bb) se soucie de la protection de la vie priv\u00e9e des internautes (ci-apr\u00e8s les \u00ab\u00a0visiteurs\u00a0\u00bb ou \u00ab\u00a0vous\u00a0\u00bb) et s&rsquo;engage \u00e0 assurer le meilleur niveau de protection de vos donn\u00e9es personnelles que vous nous confiez. Cette pr\u00e9sente politique a pour objet de vous [&hellip;]<\/p>\n","protected":false},"author":2,"featured_media":0,"parent":0,"menu_order":0,"comment_status":"closed","ping_status":"closed","template":"","meta":{"footnotes":""},"class_list":["post-375","page","type-page","status-publish","hentry","entry","owp-thumbs-layout-horizontal","owp-btn-normal","owp-tabs-layout-horizontal","has-no-thumbnails","has-product-nav"],"yoast_head":"<!-- This site is optimized with the Yoast SEO plugin v25.7 - https:\/\/yoast.com\/wordpress\/plugins\/seo\/ -->\n<title>Politique de Protection des Donn\u00e9es Personnelles - Sauveteurs Citoyens Secouristes 93<\/title>\n<meta name=\"description\" content=\"Protection des donn\u00e9es\" \/>\n<meta name=\"robots\" content=\"index, follow, max-snippet:-1, max-image-preview:large, max-video-preview:-1\" \/>\n<link rel=\"canonical\" href=\"https:\/\/www.scs-93.fr\/index.php\/privacy-policy-2\/\" \/>\n<meta property=\"og:locale\" content=\"fr_FR\" \/>\n<meta property=\"og:type\" content=\"article\" \/>\n<meta property=\"og:title\" content=\"Politique de Protection des Donn\u00e9es Personnelles - Sauveteurs Citoyens Secouristes 93\" \/>\n<meta property=\"og:description\" content=\"Protection des donn\u00e9es\" \/>\n<meta property=\"og:url\" content=\"https:\/\/www.scs-93.fr\/index.php\/privacy-policy-2\/\" \/>\n<meta property=\"og:site_name\" content=\"Sauveteurs Citoyens Secouristes 93\" \/>\n<meta property=\"article:modified_time\" content=\"2025-08-20T15:22:36+00:00\" \/>\n<meta property=\"og:image\" content=\"https:\/\/www.scs-93.fr\/wp-content\/uploads\/2025\/02\/Capture-decran-2025-02-20-152549.png\" \/>\n\t<meta property=\"og:image:width\" content=\"664\" \/>\n\t<meta property=\"og:image:height\" content=\"574\" \/>\n\t<meta property=\"og:image:type\" content=\"image\/png\" \/>\n<meta name=\"twitter:card\" content=\"summary_large_image\" \/>\n<meta name=\"twitter:label1\" content=\"Dur\u00e9e de lecture estim\u00e9e\" \/>\n\t<meta name=\"twitter:data1\" content=\"4 minutes\" \/>\n<script type=\"application\/ld+json\" class=\"yoast-schema-graph\">{\"@context\":\"https:\/\/schema.org\",\"@graph\":[{\"@type\":\"WebPage\",\"@id\":\"https:\/\/www.scs-93.fr\/index.php\/privacy-policy-2\/\",\"url\":\"https:\/\/www.scs-93.fr\/index.php\/privacy-policy-2\/\",\"name\":\"Politique de Protection des Donn\u00e9es Personnelles - Sauveteurs Citoyens Secouristes 93\",\"isPartOf\":{\"@id\":\"https:\/\/www.scs-93.fr\/#website\"},\"primaryImageOfPage\":{\"@id\":\"https:\/\/www.scs-93.fr\/index.php\/privacy-policy-2\/#primaryimage\"},\"image\":{\"@id\":\"https:\/\/www.scs-93.fr\/index.php\/privacy-policy-2\/#primaryimage\"},\"thumbnailUrl\":\"https:\/\/www.scs-93.fr\/wp-content\/uploads\/2025\/02\/Capture-decran-2025-02-20-152549.png\",\"datePublished\":\"2023-09-16T16:36:42+00:00\",\"dateModified\":\"2025-08-20T15:22:36+00:00\",\"description\":\"Protection des donn\u00e9es\",\"breadcrumb\":{\"@id\":\"https:\/\/www.scs-93.fr\/index.php\/privacy-policy-2\/#breadcrumb\"},\"inLanguage\":\"fr-FR\",\"potentialAction\":[{\"@type\":\"ReadAction\",\"target\":[\"https:\/\/www.scs-93.fr\/index.php\/privacy-policy-2\/\"]}]},{\"@type\":\"ImageObject\",\"inLanguage\":\"fr-FR\",\"@id\":\"https:\/\/www.scs-93.fr\/index.php\/privacy-policy-2\/#primaryimage\",\"url\":\"https:\/\/www.scs-93.fr\/wp-content\/uploads\/2025\/02\/Capture-decran-2025-02-20-152549.png\",\"contentUrl\":\"https:\/\/www.scs-93.fr\/wp-content\/uploads\/2025\/02\/Capture-decran-2025-02-20-152549.png\",\"width\":664,\"height\":574},{\"@type\":\"BreadcrumbList\",\"@id\":\"https:\/\/www.scs-93.fr\/index.php\/privacy-policy-2\/#breadcrumb\",\"itemListElement\":[{\"@type\":\"ListItem\",\"position\":1,\"name\":\"Home\",\"item\":\"https:\/\/www.scs-93.fr\/\"},{\"@type\":\"ListItem\",\"position\":2,\"name\":\"Politique de Protection des Donn\u00e9es Personnelles\"}]},{\"@type\":\"WebSite\",\"@id\":\"https:\/\/www.scs-93.fr\/#website\",\"url\":\"https:\/\/www.scs-93.fr\/\",\"name\":\"Sauveteurs Citoyens Secouristes 93\",\"description\":\" Unis pour sauver des vies\",\"publisher\":{\"@id\":\"https:\/\/www.scs-93.fr\/#organization\"},\"potentialAction\":[{\"@type\":\"SearchAction\",\"target\":{\"@type\":\"EntryPoint\",\"urlTemplate\":\"https:\/\/www.scs-93.fr\/?s={search_term_string}\"},\"query-input\":{\"@type\":\"PropertyValueSpecification\",\"valueRequired\":true,\"valueName\":\"search_term_string\"}}],\"inLanguage\":\"fr-FR\"},{\"@type\":\"Organization\",\"@id\":\"https:\/\/www.scs-93.fr\/#organization\",\"name\":\"Sauveteurs Citoyens Secouristes 93\",\"url\":\"https:\/\/www.scs-93.fr\/\",\"logo\":{\"@type\":\"ImageObject\",\"inLanguage\":\"fr-FR\",\"@id\":\"https:\/\/www.scs-93.fr\/#\/schema\/logo\/image\/\",\"url\":\"https:\/\/www.scs-93.fr\/wp-content\/uploads\/2025\/08\/FPMNS-V1.5-fond_rondajust-fullvector_500x500.png\",\"contentUrl\":\"https:\/\/www.scs-93.fr\/wp-content\/uploads\/2025\/08\/FPMNS-V1.5-fond_rondajust-fullvector_500x500.png\",\"width\":500,\"height\":500,\"caption\":\"Sauveteurs Citoyens Secouristes 93\"},\"image\":{\"@id\":\"https:\/\/www.scs-93.fr\/#\/schema\/logo\/image\/\"}}]}<\/script>\n<!-- \/ Yoast SEO plugin. -->","yoast_head_json":{"title":"Politique de Protection des Donn\u00e9es Personnelles - Sauveteurs Citoyens Secouristes 93","description":"Protection des donn\u00e9es","robots":{"index":"index","follow":"follow","max-snippet":"max-snippet:-1","max-image-preview":"max-image-preview:large","max-video-preview":"max-video-preview:-1"},"canonical":"https:\/\/www.scs-93.fr\/index.php\/privacy-policy-2\/","og_locale":"fr_FR","og_type":"article","og_title":"Politique de Protection des Donn\u00e9es Personnelles - Sauveteurs Citoyens Secouristes 93","og_description":"Protection des donn\u00e9es","og_url":"https:\/\/www.scs-93.fr\/index.php\/privacy-policy-2\/","og_site_name":"Sauveteurs Citoyens Secouristes 93","article_modified_time":"2025-08-20T15:22:36+00:00","og_image":[{"width":664,"height":574,"url":"https:\/\/www.scs-93.fr\/wp-content\/uploads\/2025\/02\/Capture-decran-2025-02-20-152549.png","type":"image\/png"}],"twitter_card":"summary_large_image","twitter_misc":{"Dur\u00e9e de lecture estim\u00e9e":"4 minutes"},"schema":{"@context":"https:\/\/schema.org","@graph":[{"@type":"WebPage","@id":"https:\/\/www.scs-93.fr\/index.php\/privacy-policy-2\/","url":"https:\/\/www.scs-93.fr\/index.php\/privacy-policy-2\/","name":"Politique de Protection des Donn\u00e9es Personnelles - Sauveteurs Citoyens Secouristes 93","isPartOf":{"@id":"https:\/\/www.scs-93.fr\/#website"},"primaryImageOfPage":{"@id":"https:\/\/www.scs-93.fr\/index.php\/privacy-policy-2\/#primaryimage"},"image":{"@id":"https:\/\/www.scs-93.fr\/index.php\/privacy-policy-2\/#primaryimage"},"thumbnailUrl":"https:\/\/www.scs-93.fr\/wp-content\/uploads\/2025\/02\/Capture-decran-2025-02-20-152549.png","datePublished":"2023-09-16T16:36:42+00:00","dateModified":"2025-08-20T15:22:36+00:00","description":"Protection des donn\u00e9es","breadcrumb":{"@id":"https:\/\/www.scs-93.fr\/index.php\/privacy-policy-2\/#breadcrumb"},"inLanguage":"fr-FR","potentialAction":[{"@type":"ReadAction","target":["https:\/\/www.scs-93.fr\/index.php\/privacy-policy-2\/"]}]},{"@type":"ImageObject","inLanguage":"fr-FR","@id":"https:\/\/www.scs-93.fr\/index.php\/privacy-policy-2\/#primaryimage","url":"https:\/\/www.scs-93.fr\/wp-content\/uploads\/2025\/02\/Capture-decran-2025-02-20-152549.png","contentUrl":"https:\/\/www.scs-93.fr\/wp-content\/uploads\/2025\/02\/Capture-decran-2025-02-20-152549.png","width":664,"height":574},{"@type":"BreadcrumbList","@id":"https:\/\/www.scs-93.fr\/index.php\/privacy-policy-2\/#breadcrumb","itemListElement":[{"@type":"ListItem","position":1,"name":"Home","item":"https:\/\/www.scs-93.fr\/"},{"@type":"ListItem","position":2,"name":"Politique de Protection des Donn\u00e9es Personnelles"}]},{"@type":"WebSite","@id":"https:\/\/www.scs-93.fr\/#website","url":"https:\/\/www.scs-93.fr\/","name":"Sauveteurs Citoyens Secouristes 93","description":" Unis pour sauver des vies","publisher":{"@id":"https:\/\/www.scs-93.fr\/#organization"},"potentialAction":[{"@type":"SearchAction","target":{"@type":"EntryPoint","urlTemplate":"https:\/\/www.scs-93.fr\/?s={search_term_string}"},"query-input":{"@type":"PropertyValueSpecification","valueRequired":true,"valueName":"search_term_string"}}],"inLanguage":"fr-FR"},{"@type":"Organization","@id":"https:\/\/www.scs-93.fr\/#organization","name":"Sauveteurs Citoyens Secouristes 93","url":"https:\/\/www.scs-93.fr\/","logo":{"@type":"ImageObject","inLanguage":"fr-FR","@id":"https:\/\/www.scs-93.fr\/#\/schema\/logo\/image\/","url":"https:\/\/www.scs-93.fr\/wp-content\/uploads\/2025\/08\/FPMNS-V1.5-fond_rondajust-fullvector_500x500.png","contentUrl":"https:\/\/www.scs-93.fr\/wp-content\/uploads\/2025\/08\/FPMNS-V1.5-fond_rondajust-fullvector_500x500.png","width":500,"height":500,"caption":"Sauveteurs Citoyens Secouristes 93"},"image":{"@id":"https:\/\/www.scs-93.fr\/#\/schema\/logo\/image\/"}}]}},"_links":{"self":[{"href":"https:\/\/www.scs-93.fr\/index.php\/wp-json\/wp\/v2\/pages\/375","targetHints":{"allow":["GET"]}}],"collection":[{"href":"https:\/\/www.scs-93.fr\/index.php\/wp-json\/wp\/v2\/pages"}],"about":[{"href":"https:\/\/www.scs-93.fr\/index.php\/wp-json\/wp\/v2\/types\/page"}],"author":[{"embeddable":true,"href":"https:\/\/www.scs-93.fr\/index.php\/wp-json\/wp\/v2\/users\/2"}],"replies":[{"embeddable":true,"href":"https:\/\/www.scs-93.fr\/index.php\/wp-json\/wp\/v2\/comments?post=375"}],"version-history":[{"count":3,"href":"https:\/\/www.scs-93.fr\/index.php\/wp-json\/wp\/v2\/pages\/375\/revisions"}],"predecessor-version":[{"id":898,"href":"https:\/\/www.scs-93.fr\/index.php\/wp-json\/wp\/v2\/pages\/375\/revisions\/898"}],"wp:attachment":[{"href":"https:\/\/www.scs-93.fr\/index.php\/wp-json\/wp\/v2\/media?parent=375"}],"curies":[{"name":"wp","href":"https:\/\/api.w.org\/{rel}","templated":true}]}}