{"id":117,"date":"2025-02-20T15:48:00","date_gmt":"2025-02-20T15:48:00","guid":{"rendered":"https:\/\/cvnsslf93.com\/?page_id=117"},"modified":"2025-08-20T17:24:51","modified_gmt":"2025-08-20T15:24:51","slug":"pse1","status":"publish","type":"page","link":"https:\/\/www.scs-93.fr\/index.php\/pse1\/","title":{"rendered":"PSE1"},"content":{"rendered":"\n<p><strong>Formation Accessible \u00e0 toutes personnes de plus de 16 ans<\/strong><\/p>\n\n\n\n<p><em>Objectif : acqu\u00e9rir les comp\u00e9tences de secouriste op\u00e9rationnel.<\/em><\/p>\n\n\n\n<p>Contenu :<\/p>\n\n\n\n<ul class=\"wp-block-list\">\n<li>R\u00f4les et missions du secouriste,<\/li>\n\n\n\n<li>Protection et s\u00e9curit\u00e9,<\/li>\n\n\n\n<li>R\u00e9glementation,<\/li>\n\n\n\n<li>Alerte,<\/li>\n\n\n\n<li>Hygi\u00e8ne et asepsie,<\/li>\n\n\n\n<li>Les bilans,<\/li>\n\n\n\n<li>Obstructions voies a\u00e9riennes,<\/li>\n\n\n\n<li>H\u00e9morragies,<\/li>\n\n\n\n<li>Perte de connaissances,<\/li>\n\n\n\n<li>Arr\u00eat cardiaque,<\/li>\n\n\n\n<li>Plaies,<\/li>\n\n\n\n<li>Br\u00fblures,<\/li>\n\n\n\n<li>Malaises\/ maladies,<\/li>\n\n\n\n<li>Noyade,<\/li>\n\n\n\n<li>Accident de plong\u00e9es,<\/li>\n\n\n\n<li>Traumatismes des membres<\/li>\n<\/ul>\n\n\n\n<p>Dur\u00e9e : 35h minimum de face \u00e0 face p\u00e9dagogique.<\/p>\n\n\n\n<p>18 stagiaires maximum \/ sans un minimum de 6 stagiaires la formation n&rsquo;aura pas lieu.<br>260\u20ac non financ\u00e9<br>320\u20ac si financ\u00e9<\/p>\n\n\n<div class=\"wp-block-image\">\n<figure class=\"aligncenter size-large is-resized\"><img loading=\"lazy\" decoding=\"async\" width=\"1024\" height=\"1024\" src=\"https:\/\/www.scs-93.fr\/wp-content\/uploads\/2025\/08\/PSE1-scs93-1024x1024.png\" alt=\"\" class=\"wp-image-867\" style=\"width:341px;height:auto\" srcset=\"https:\/\/www.scs-93.fr\/wp-content\/uploads\/2025\/08\/PSE1-scs93-1024x1024.png 1024w, https:\/\/www.scs-93.fr\/wp-content\/uploads\/2025\/08\/PSE1-scs93-300x300.png 300w, https:\/\/www.scs-93.fr\/wp-content\/uploads\/2025\/08\/PSE1-scs93-150x150.png 150w, https:\/\/www.scs-93.fr\/wp-content\/uploads\/2025\/08\/PSE1-scs93-768x768.png 768w, https:\/\/www.scs-93.fr\/wp-content\/uploads\/2025\/08\/PSE1-scs93-600x600.png 600w, https:\/\/www.scs-93.fr\/wp-content\/uploads\/2025\/08\/PSE1-scs93-100x100.png 100w, https:\/\/www.scs-93.fr\/wp-content\/uploads\/2025\/08\/PSE1-scs93.png 1080w\" sizes=\"auto, (max-width: 1024px) 100vw, 1024px\" \/><\/figure>\n<\/div>\n\n<div class=\"is-default-size aligncenter wp-block-site-logo\"><a href=\"https:\/\/www.scs-93.fr\/\" class=\"custom-logo-link\" rel=\"home\"><img loading=\"lazy\" decoding=\"async\" width=\"511\" height=\"511\" src=\"https:\/\/www.scs-93.fr\/wp-content\/uploads\/2025\/12\/cropped-cropped-SCS-vecto.png\" class=\"custom-logo\" alt=\"Sauveteurs Citoyens Secouristes 93\" srcset=\"https:\/\/www.scs-93.fr\/wp-content\/uploads\/2025\/12\/cropped-cropped-SCS-vecto.png 511w, https:\/\/www.scs-93.fr\/wp-content\/uploads\/2025\/12\/cropped-cropped-SCS-vecto-300x300.png 300w, https:\/\/www.scs-93.fr\/wp-content\/uploads\/2025\/12\/cropped-cropped-SCS-vecto-150x150.png 150w, https:\/\/www.scs-93.fr\/wp-content\/uploads\/2025\/12\/cropped-cropped-SCS-vecto-100x100.png 100w\" sizes=\"auto, (max-width: 511px) 100vw, 511px\" \/><\/a><\/div>\n\n\n<p><\/p>\n","protected":false},"excerpt":{"rendered":"<p>Formation Accessible \u00e0 toutes personnes de plus de 16 ans Objectif : acqu\u00e9rir les comp\u00e9tences de secouriste op\u00e9rationnel. Contenu : Dur\u00e9e : 35h minimum de face \u00e0 face p\u00e9dagogique. 18 stagiaires maximum \/ sans un minimum de 6 stagiaires la formation n&rsquo;aura pas lieu.260\u20ac non financ\u00e9320\u20ac si financ\u00e9<\/p>\n","protected":false},"author":2,"featured_media":0,"parent":0,"menu_order":0,"comment_status":"closed","ping_status":"closed","template":"","meta":{"footnotes":""},"class_list":["post-117","page","type-page","status-publish","hentry","entry","owp-thumbs-layout-horizontal","owp-btn-normal","owp-tabs-layout-horizontal","has-no-thumbnails","has-product-nav"],"yoast_head":"<!-- This site is optimized with the Yoast SEO plugin v25.7 - https:\/\/yoast.com\/wordpress\/plugins\/seo\/ -->\n<title>PSE1 - Sauveteurs Citoyens Secouristes 93<\/title>\n<meta name=\"robots\" content=\"index, follow, max-snippet:-1, max-image-preview:large, max-video-preview:-1\" \/>\n<link rel=\"canonical\" href=\"https:\/\/www.scs-93.fr\/index.php\/pse1\/\" \/>\n<meta property=\"og:locale\" content=\"fr_FR\" \/>\n<meta property=\"og:type\" content=\"article\" \/>\n<meta property=\"og:title\" content=\"PSE1 - Sauveteurs Citoyens Secouristes 93\" \/>\n<meta property=\"og:description\" content=\"Formation Accessible \u00e0 toutes personnes de plus de 16 ans Objectif : acqu\u00e9rir les comp\u00e9tences de secouriste op\u00e9rationnel. Contenu : Dur\u00e9e : 35h minimum de face \u00e0 face p\u00e9dagogique. 18 stagiaires maximum \/ sans un minimum de 6 stagiaires la formation n&rsquo;aura pas lieu.260\u20ac non financ\u00e9320\u20ac si financ\u00e9\" \/>\n<meta property=\"og:url\" content=\"https:\/\/www.scs-93.fr\/index.php\/pse1\/\" \/>\n<meta property=\"og:site_name\" content=\"Sauveteurs Citoyens Secouristes 93\" \/>\n<meta property=\"article:modified_time\" content=\"2025-08-20T15:24:51+00:00\" \/>\n<meta property=\"og:image\" content=\"https:\/\/www.scs-93.fr\/wp-content\/uploads\/2025\/08\/PSE1-scs93-1024x1024.png\" \/>\n\t<meta property=\"og:image:width\" content=\"1024\" \/>\n\t<meta property=\"og:image:height\" content=\"1024\" \/>\n\t<meta property=\"og:image:type\" content=\"image\/png\" \/>\n<meta name=\"twitter:card\" content=\"summary_large_image\" \/>\n<meta name=\"twitter:label1\" content=\"Dur\u00e9e de lecture estim\u00e9e\" \/>\n\t<meta name=\"twitter:data1\" content=\"1 minute\" \/>\n<script type=\"application\/ld+json\" class=\"yoast-schema-graph\">{\"@context\":\"https:\/\/schema.org\",\"@graph\":[{\"@type\":\"WebPage\",\"@id\":\"https:\/\/www.scs-93.fr\/index.php\/pse1\/\",\"url\":\"https:\/\/www.scs-93.fr\/index.php\/pse1\/\",\"name\":\"PSE1 - Sauveteurs Citoyens Secouristes 93\",\"isPartOf\":{\"@id\":\"https:\/\/www.scs-93.fr\/#website\"},\"primaryImageOfPage\":{\"@id\":\"https:\/\/www.scs-93.fr\/index.php\/pse1\/#primaryimage\"},\"image\":{\"@id\":\"https:\/\/www.scs-93.fr\/index.php\/pse1\/#primaryimage\"},\"thumbnailUrl\":\"https:\/\/www.scs-93.fr\/wp-content\/uploads\/2025\/08\/PSE1-scs93-1024x1024.png\",\"datePublished\":\"2025-02-20T15:48:00+00:00\",\"dateModified\":\"2025-08-20T15:24:51+00:00\",\"breadcrumb\":{\"@id\":\"https:\/\/www.scs-93.fr\/index.php\/pse1\/#breadcrumb\"},\"inLanguage\":\"fr-FR\",\"potentialAction\":[{\"@type\":\"ReadAction\",\"target\":[\"https:\/\/www.scs-93.fr\/index.php\/pse1\/\"]}]},{\"@type\":\"ImageObject\",\"inLanguage\":\"fr-FR\",\"@id\":\"https:\/\/www.scs-93.fr\/index.php\/pse1\/#primaryimage\",\"url\":\"https:\/\/www.scs-93.fr\/wp-content\/uploads\/2025\/08\/PSE1-scs93.png\",\"contentUrl\":\"https:\/\/www.scs-93.fr\/wp-content\/uploads\/2025\/08\/PSE1-scs93.png\",\"width\":1080,\"height\":1080},{\"@type\":\"BreadcrumbList\",\"@id\":\"https:\/\/www.scs-93.fr\/index.php\/pse1\/#breadcrumb\",\"itemListElement\":[{\"@type\":\"ListItem\",\"position\":1,\"name\":\"Home\",\"item\":\"https:\/\/www.scs-93.fr\/\"},{\"@type\":\"ListItem\",\"position\":2,\"name\":\"PSE1\"}]},{\"@type\":\"WebSite\",\"@id\":\"https:\/\/www.scs-93.fr\/#website\",\"url\":\"https:\/\/www.scs-93.fr\/\",\"name\":\"Sauveteurs Citoyens Secouristes 93\",\"description\":\" Unis pour sauver des vies\",\"publisher\":{\"@id\":\"https:\/\/www.scs-93.fr\/#organization\"},\"potentialAction\":[{\"@type\":\"SearchAction\",\"target\":{\"@type\":\"EntryPoint\",\"urlTemplate\":\"https:\/\/www.scs-93.fr\/?s={search_term_string}\"},\"query-input\":{\"@type\":\"PropertyValueSpecification\",\"valueRequired\":true,\"valueName\":\"search_term_string\"}}],\"inLanguage\":\"fr-FR\"},{\"@type\":\"Organization\",\"@id\":\"https:\/\/www.scs-93.fr\/#organization\",\"name\":\"Sauveteurs Citoyens Secouristes 93\",\"url\":\"https:\/\/www.scs-93.fr\/\",\"logo\":{\"@type\":\"ImageObject\",\"inLanguage\":\"fr-FR\",\"@id\":\"https:\/\/www.scs-93.fr\/#\/schema\/logo\/image\/\",\"url\":\"https:\/\/www.scs-93.fr\/wp-content\/uploads\/2025\/08\/FPMNS-V1.5-fond_rondajust-fullvector_500x500.png\",\"contentUrl\":\"https:\/\/www.scs-93.fr\/wp-content\/uploads\/2025\/08\/FPMNS-V1.5-fond_rondajust-fullvector_500x500.png\",\"width\":500,\"height\":500,\"caption\":\"Sauveteurs Citoyens Secouristes 93\"},\"image\":{\"@id\":\"https:\/\/www.scs-93.fr\/#\/schema\/logo\/image\/\"}}]}<\/script>\n<!-- \/ Yoast SEO plugin. -->","yoast_head_json":{"title":"PSE1 - Sauveteurs Citoyens Secouristes 93","robots":{"index":"index","follow":"follow","max-snippet":"max-snippet:-1","max-image-preview":"max-image-preview:large","max-video-preview":"max-video-preview:-1"},"canonical":"https:\/\/www.scs-93.fr\/index.php\/pse1\/","og_locale":"fr_FR","og_type":"article","og_title":"PSE1 - Sauveteurs Citoyens Secouristes 93","og_description":"Formation Accessible \u00e0 toutes personnes de plus de 16 ans Objectif : acqu\u00e9rir les comp\u00e9tences de secouriste op\u00e9rationnel. Contenu : Dur\u00e9e : 35h minimum de face \u00e0 face p\u00e9dagogique. 18 stagiaires maximum \/ sans un minimum de 6 stagiaires la formation n&rsquo;aura pas lieu.260\u20ac non financ\u00e9320\u20ac si financ\u00e9","og_url":"https:\/\/www.scs-93.fr\/index.php\/pse1\/","og_site_name":"Sauveteurs Citoyens Secouristes 93","article_modified_time":"2025-08-20T15:24:51+00:00","og_image":[{"width":1024,"height":1024,"url":"https:\/\/www.scs-93.fr\/wp-content\/uploads\/2025\/08\/PSE1-scs93-1024x1024.png","type":"image\/png"}],"twitter_card":"summary_large_image","twitter_misc":{"Dur\u00e9e de lecture estim\u00e9e":"1 minute"},"schema":{"@context":"https:\/\/schema.org","@graph":[{"@type":"WebPage","@id":"https:\/\/www.scs-93.fr\/index.php\/pse1\/","url":"https:\/\/www.scs-93.fr\/index.php\/pse1\/","name":"PSE1 - Sauveteurs Citoyens Secouristes 93","isPartOf":{"@id":"https:\/\/www.scs-93.fr\/#website"},"primaryImageOfPage":{"@id":"https:\/\/www.scs-93.fr\/index.php\/pse1\/#primaryimage"},"image":{"@id":"https:\/\/www.scs-93.fr\/index.php\/pse1\/#primaryimage"},"thumbnailUrl":"https:\/\/www.scs-93.fr\/wp-content\/uploads\/2025\/08\/PSE1-scs93-1024x1024.png","datePublished":"2025-02-20T15:48:00+00:00","dateModified":"2025-08-20T15:24:51+00:00","breadcrumb":{"@id":"https:\/\/www.scs-93.fr\/index.php\/pse1\/#breadcrumb"},"inLanguage":"fr-FR","potentialAction":[{"@type":"ReadAction","target":["https:\/\/www.scs-93.fr\/index.php\/pse1\/"]}]},{"@type":"ImageObject","inLanguage":"fr-FR","@id":"https:\/\/www.scs-93.fr\/index.php\/pse1\/#primaryimage","url":"https:\/\/www.scs-93.fr\/wp-content\/uploads\/2025\/08\/PSE1-scs93.png","contentUrl":"https:\/\/www.scs-93.fr\/wp-content\/uploads\/2025\/08\/PSE1-scs93.png","width":1080,"height":1080},{"@type":"BreadcrumbList","@id":"https:\/\/www.scs-93.fr\/index.php\/pse1\/#breadcrumb","itemListElement":[{"@type":"ListItem","position":1,"name":"Home","item":"https:\/\/www.scs-93.fr\/"},{"@type":"ListItem","position":2,"name":"PSE1"}]},{"@type":"WebSite","@id":"https:\/\/www.scs-93.fr\/#website","url":"https:\/\/www.scs-93.fr\/","name":"Sauveteurs Citoyens Secouristes 93","description":" Unis pour sauver des vies","publisher":{"@id":"https:\/\/www.scs-93.fr\/#organization"},"potentialAction":[{"@type":"SearchAction","target":{"@type":"EntryPoint","urlTemplate":"https:\/\/www.scs-93.fr\/?s={search_term_string}"},"query-input":{"@type":"PropertyValueSpecification","valueRequired":true,"valueName":"search_term_string"}}],"inLanguage":"fr-FR"},{"@type":"Organization","@id":"https:\/\/www.scs-93.fr\/#organization","name":"Sauveteurs Citoyens Secouristes 93","url":"https:\/\/www.scs-93.fr\/","logo":{"@type":"ImageObject","inLanguage":"fr-FR","@id":"https:\/\/www.scs-93.fr\/#\/schema\/logo\/image\/","url":"https:\/\/www.scs-93.fr\/wp-content\/uploads\/2025\/08\/FPMNS-V1.5-fond_rondajust-fullvector_500x500.png","contentUrl":"https:\/\/www.scs-93.fr\/wp-content\/uploads\/2025\/08\/FPMNS-V1.5-fond_rondajust-fullvector_500x500.png","width":500,"height":500,"caption":"Sauveteurs Citoyens Secouristes 93"},"image":{"@id":"https:\/\/www.scs-93.fr\/#\/schema\/logo\/image\/"}}]}},"_links":{"self":[{"href":"https:\/\/www.scs-93.fr\/index.php\/wp-json\/wp\/v2\/pages\/117","targetHints":{"allow":["GET"]}}],"collection":[{"href":"https:\/\/www.scs-93.fr\/index.php\/wp-json\/wp\/v2\/pages"}],"about":[{"href":"https:\/\/www.scs-93.fr\/index.php\/wp-json\/wp\/v2\/types\/page"}],"author":[{"embeddable":true,"href":"https:\/\/www.scs-93.fr\/index.php\/wp-json\/wp\/v2\/users\/2"}],"replies":[{"embeddable":true,"href":"https:\/\/www.scs-93.fr\/index.php\/wp-json\/wp\/v2\/comments?post=117"}],"version-history":[{"count":2,"href":"https:\/\/www.scs-93.fr\/index.php\/wp-json\/wp\/v2\/pages\/117\/revisions"}],"predecessor-version":[{"id":878,"href":"https:\/\/www.scs-93.fr\/index.php\/wp-json\/wp\/v2\/pages\/117\/revisions\/878"}],"wp:attachment":[{"href":"https:\/\/www.scs-93.fr\/index.php\/wp-json\/wp\/v2\/media?parent=117"}],"curies":[{"name":"wp","href":"https:\/\/api.w.org\/{rel}","templated":true}]}}